{"id":10950,"date":"2023-11-17T11:41:57","date_gmt":"2023-11-17T10:41:57","guid":{"rendered":"https:\/\/www.interreg6a.net\/fundusze-malych-projektow\/"},"modified":"2024-08-20T08:49:36","modified_gmt":"2024-08-20T06:49:36","slug":"fundusze-malych-projektow","status":"publish","type":"page","link":"https:\/\/www.interreg6a.net\/pl\/fundusze-malych-projektow\/","title":{"rendered":"Fundusze Ma\u0142ych Projekt\u00f3w"},"content":{"rendered":"<p><div class=\"fusion-fullwidth fullwidth-box fusion-builder-row-1 fusion-flex-container has-pattern-background has-mask-background nonhundred-percent-fullwidth non-hundred-percent-height-scrolling\" style=\"--awb-border-radius-top-left:0px;--awb-border-radius-top-right:0px;--awb-border-radius-bottom-right:0px;--awb-border-radius-bottom-left:0px;--awb-flex-wrap:wrap;\" ><div class=\"fusion-builder-row fusion-row fusion-flex-align-items-flex-start fusion-flex-content-wrap\" style=\"max-width:1586px;margin-left: calc(-4% \/ 2 );margin-right: calc(-4% \/ 2 );\"><div class=\"fusion-layout-column fusion_builder_column fusion-builder-column-0 fusion_builder_column_1_1 1_1 fusion-flex-column\" style=\"--awb-bg-size:cover;--awb-width-large:100%;--awb-margin-top-large:0px;--awb-spacing-right-large:1.92%;--awb-margin-bottom-large:20px;--awb-spacing-left-large:1.92%;--awb-width-medium:100%;--awb-order-medium:0;--awb-spacing-right-medium:1.92%;--awb-spacing-left-medium:1.92%;--awb-width-small:100%;--awb-order-small:0;--awb-spacing-right-small:1.92%;--awb-spacing-left-small:1.92%;\"><div class=\"fusion-column-wrapper fusion-column-has-shadow fusion-flex-justify-content-flex-start fusion-content-layout-column\"><div class=\"fusion-title title fusion-title-1 fusion-sep-none fusion-title-text fusion-title-size-one\" style=\"--awb-margin-top-small:10px;--awb-margin-right-small:0px;--awb-margin-bottom-small:10px;--awb-margin-left-small:0px;\"><h1 class=\"fusion-title-heading title-heading-left\" style=\"margin:0;\"><p style=\"text-align: center;\">Fundusze Ma\u0142ych Projekt\u00f3w<\/p><\/h1><\/div><div class=\"fusion-text fusion-text-1\"><p>Fundusze Ma\u0142ych Projekt\u00f3w (FMP) s\u0105 wa\u017cnymi instrumentami Programu wspieraj\u0105cymi wsp\u00f3\u0142prac\u0119 transgraniczn\u0105 lokalnych podmiot\u00f3w we wszystkich dziedzinach \u017cycia spo\u0142ecznego na polsko-niemieckim pograniczu.<\/p>\n<p>Zgodnie z art. 24 ust. 1 lit. b rozporz\u0105dzenia (UE) 2021\/1059 projekty o ograniczonej warto\u015bci finansowej (ma\u0142e projekty) mog\u0105 by\u0107 dofinansowane ze \u015brodk\u00f3w Programu w ramach Funduszy Ma\u0142ych Projekt\u00f3w.<\/p>\n<\/div><div class=\"fusion-text fusion-text-2\"><p>Realizacja Funduszy Ma\u0142ych Projekt\u00f3w jest mo\u017cliwa w dw\u00f3ch priorytetach Programu:<\/p>\n<ul>\n<li><strong>w priorytecie 3 w celu szczeg\u00f3\u0142owym 4.6 \u201eKultura i zr\u00f3wnowa\u017cona turystyka\u201d<\/strong>, gdzie projekty ukierunkowane s\u0105 na wspieranie kultury i turystyki jako elementu rozwoju gospodarczego, w\u0142\u0105czenia spo\u0142ecznego i innowacji spo\u0142ecznych polsko-niemieckiego pogranicza oraz<\/li>\n<li><strong>w priorytecie 4 w celu szczeg\u00f3\u0142owym 6.3 \u201eWzmocnienie zaufania\u201d<\/strong>, koncentruj\u0105cym si\u0119 na dzia\u0142aniach wspieraj\u0105cych budowanie wzajemnego zaufania poprzez wsp\u00f3\u0142prac\u0119 mi\u0119dzy obywatelami, organizacjami i administracj\u0105.<\/li>\n<\/ul>\n<\/div><div class=\"fusion-text fusion-text-3\"><p><strong>Bud\u017cet Funduszy Ma\u0142ych Projekt\u00f3w<\/strong>: na finansowanie Funduszy Ma\u0142ych Projekt\u00f3w udost\u0119pniono \u0142\u0105cznie 13,750 mln EUR (EFRR).<\/p>\n<p><a href=\"https:\/\/www.interreg6a.net\/pl\/podrecznik-programu\/\">Wi\u0119cej informacji w Podr\u0119czniku Programu, rozdzia\u0142 5, punkt 5.1.<\/a><\/p>\n<\/div><div class=\"fusion-text fusion-text-4 fusion-text-no-margin\" style=\"--awb-margin-top:30px;--awb-margin-bottom:20px;\"><h4><strong>Dofinansowanie ma\u0142ego projektu<\/strong><\/h4>\n<\/div><div class=\"fusion-text fusion-text-5\"><ul>\n<li>Maksymalne dofinansowanie ma\u0142ego projektu z funduszy UE (EFRR) <strong>wynosi 80%.<\/strong><\/li>\n<li>Ma\u0142y projekt mo\u017ce by\u0107 dofinansowany kwot\u0105 <strong>maksymalnie 50 000 EUR (EFRR)<\/strong>.<\/li>\n<li>Jego ca\u0142kowite koszty <strong>nie mog\u0105<\/strong> przekroczy\u0107 100 000 EUR.<\/li>\n<li>W ramach Funduszy Ma\u0142ych Projekt\u00f3w <strong>wykluczone s\u0105<\/strong> wydatki <strong>KK6 Koszty rob\u00f3t budowlanych i infrastruktury<\/strong>.<\/li>\n<\/ul>\n<\/div><div class=\"fusion-text fusion-text-6\" style=\"--awb-margin-top:20px;\"><p>Potencjalni niemieccy i polscy wnioskodawcy maj\u0105 mo\u017cliwo\u015b\u0107 ubiegania si\u0119 o dofinansowanie z wy\u017cej wymienionych Funduszy Ma\u0142ych Projekt\u00f3w.<\/p>\n<p>Ju\u017c teraz um\u00f3w si\u0119 na konsultacje z pracownikami odpowiedzialnymi za FMP!<\/p>\n<\/div><div class=\"fusion-text fusion-text-7\"><h5><strong>Dane kontaktowe i dokumenty dotycz\u0105ce Funduszu Ma\u0142ych Projekt\u00f3w mo\u017cna znale\u017a\u0107 tutaj:<\/strong><\/h5>\n<\/div><div class=\"fusion-text fusion-text-8\"><h5>CS 4.6: <a href=\"https:\/\/pomerania.org.pl\/?page_id=365\">FMP &#8222;Kultura i zr\u00f3wnowa\u017cona turystyka&#8221;<\/a><\/h5>\n<h5>CS 6.3: <a href=\"https:\/\/pomerania.net\/pl\/projekty\/fmp-int6a\/\">FMP &#8222;Wzmocnienie zaufania&#8221;<\/a><\/h5>\n<\/div><\/div><\/div><\/div><\/div><div class=\"fusion-fullwidth fullwidth-box fusion-builder-row-2 fusion-flex-container nonhundred-percent-fullwidth non-hundred-percent-height-scrolling\" style=\"--awb-border-radius-top-left:0px;--awb-border-radius-top-right:0px;--awb-border-radius-bottom-right:0px;--awb-border-radius-bottom-left:0px;--awb-padding-bottom:50px;--awb-background-color:var(--awb-custom_color_2);--awb-flex-wrap:wrap;\" ><div class=\"fusion-builder-row fusion-row fusion-flex-align-items-flex-start fusion-flex-content-wrap\" style=\"max-width:1586px;margin-left: calc(-4% \/ 2 );margin-right: calc(-4% \/ 2 );\"><div class=\"fusion-layout-column fusion_builder_column fusion-builder-column-1 fusion_builder_column_1_1 1_1 fusion-flex-column\" style=\"--awb-bg-size:cover;--awb-width-large:100%;--awb-margin-top-large:0px;--awb-spacing-right-large:1.92%;--awb-margin-bottom-large:20px;--awb-spacing-left-large:1.92%;--awb-width-medium:100%;--awb-order-medium:0;--awb-spacing-right-medium:1.92%;--awb-spacing-left-medium:1.92%;--awb-width-small:100%;--awb-order-small:0;--awb-spacing-right-small:1.92%;--awb-spacing-left-small:1.92%;\"><div class=\"fusion-column-wrapper fusion-column-has-shadow fusion-flex-justify-content-flex-start fusion-content-layout-column\"><div class=\"fusion-title title fusion-title-2 fusion-sep-none fusion-title-center fusion-title-text fusion-title-size-two\" style=\"--awb-margin-top:3%;--awb-margin-bottom:-1px;--awb-margin-top-small:10px;--awb-margin-right-small:0px;--awb-margin-bottom-small:10px;--awb-margin-left-small:0px;\"><h2 class=\"fusion-title-heading title-heading-center\" style=\"margin:0;\">FMP &#8211; Aktualno\u015bci<\/h2><\/div><div class=\"fusion-separator\" style=\"align-self: center;margin-left: auto;margin-right: auto;width:100%;max-width:18%;\"><div class=\"fusion-separator-border sep-single sep-solid\" style=\"--awb-height:20px;--awb-amount:20px;border-color:var(--awb-color5);border-top-width:3px;\"><\/div><\/div><div class=\"fusion-post-cards fusion-post-cards-1 fusion-grid-archive fusion-grid-columns-4\" style=\"--awb-column-spacing:22px;--awb-dots-align:center;--awb-active-filter-border-size:3px;--awb-filters-height:36px;--awb-margin-top:3%;--awb-columns-medium:50%;--awb-columns-small:100%;\" data-post-type-label=\"wpisy\"><ul class=\"fusion-grid fusion-grid-4 fusion-flex-align-items-stretch fusion-grid-posts-cards\"><li class=\"fusion-layout-column fusion_builder_column fusion-builder-column-2 fusion-flex-column post-card fusion-grid-column fusion-post-cards-grid-column\" style=\"--awb-overflow:auto;--awb-bg-color:#ffffff;--awb-bg-color-hover:#ffffff;--awb-bg-blend:overlay;--awb-bg-size:cover;--awb-box-shadow:2px 2px 8px 2px #d6d6d6;;--awb-border-color:var(--awb-custom_color_5);--awb-border-bottom:7px;--awb-border-style:solid;--awb-border-radius:15px 15px 15px 15px;--awb-flex-grow:0;--awb-flex-shrink:0;--awb-flex-grow-medium:0;--awb-flex-shrink-medium:0;--awb-flex-grow-small:0;--awb-flex-shrink-small:0;\"><div class=\"fusion-column-wrapper fusion-column-has-shadow fusion-flex-justify-content-flex-start fusion-content-layout-column\"><div class=\"fusion-classic-product-image-wrapper fusion-woo-product-image fusion-post-card-image fusion-post-card-image-1\" data-layout=\"static\" style=\"--awb-margin-bottom:0px;\"><div  class=\"fusion-image-wrapper\" aria-haspopup=\"true\">\n\t\t\t\t\t\t\t<a href=\"https:\/\/www.interreg6a.net\/pl\/stan-wdrazania-funduszy-malych-projektow-update\/\" aria-label=\"Stan wdra\u017cania Funduszy Ma\u0142ych Projekt\u00f3w &#8211; Update\">\n\t\t\t\t\t\t\t<img decoding=\"async\" width=\"899\" height=\"556\" src=\"https:\/\/www.interreg6a.net\/wp-content\/uploads\/2024\/11\/KPF-Update_Info.png\" class=\"attachment-full size-full wp-post-image\" alt=\"\" srcset=\"https:\/\/www.interreg6a.net\/wp-content\/uploads\/2024\/11\/KPF-Update_Info-200x124.png 200w, https:\/\/www.interreg6a.net\/wp-content\/uploads\/2024\/11\/KPF-Update_Info-400x247.png 400w, https:\/\/www.interreg6a.net\/wp-content\/uploads\/2024\/11\/KPF-Update_Info-600x371.png 600w, https:\/\/www.interreg6a.net\/wp-content\/uploads\/2024\/11\/KPF-Update_Info-800x495.png 800w, https:\/\/www.interreg6a.net\/wp-content\/uploads\/2024\/11\/KPF-Update_Info.png 899w\" sizes=\"(min-width: 2200px) 100vw, (min-width: 851px) 365px, (min-width: 780px) 486px, (min-width: 710px) 780px, (min-width: 640px) 710px, \" \/>\t\t\t<\/a>\n\t\t\t\t\t\t\t<\/div>\n<\/div><div class=\"fusion-text fusion-text-9 fusion-text-no-margin\" style=\"--awb-content-alignment:center;--awb-text-color:var(--awb-color2);--awb-margin-top:17px;--awb-margin-bottom:2px;\"><p>5 listopada 2024<\/p>\n<\/div><div class=\"fusion-separator\" style=\"align-self: center;margin-left: auto;margin-right: auto;margin-top:5px;width:100%;max-width:20%;\"><div class=\"fusion-separator-border sep-single sep-solid\" style=\"--awb-height:20px;--awb-amount:20px;--awb-sep-color:var(--awb-custom_color_1);border-color:var(--awb-custom_color_1);border-top-width:3px;\"><\/div><\/div><div class=\"fusion-title title fusion-title-3 fusion-sep-none fusion-title-text fusion-title-size-five\" style=\"--awb-margin-top:18px;--awb-margin-right:25px;--awb-margin-bottom:25px;--awb-margin-left:25px;--awb-margin-top-small:10px;--awb-margin-right-small:0px;--awb-margin-bottom-small:10px;--awb-margin-left-small:0px;\"><h5 class=\"fusion-title-heading title-heading-left\" style=\"margin:0;\">Stan wdra\u017cania Funduszy Ma\u0142ych Projekt\u00f3w &#8211; Update<\/h5><\/div><\/div><\/li>\n<li class=\"fusion-layout-column fusion_builder_column fusion-builder-column-3 fusion-flex-column post-card fusion-grid-column fusion-post-cards-grid-column\" style=\"--awb-overflow:auto;--awb-bg-color:#ffffff;--awb-bg-color-hover:#ffffff;--awb-bg-blend:overlay;--awb-bg-size:cover;--awb-box-shadow:2px 2px 8px 2px #d6d6d6;;--awb-border-color:var(--awb-custom_color_5);--awb-border-bottom:7px;--awb-border-style:solid;--awb-border-radius:15px 15px 15px 15px;--awb-flex-grow:0;--awb-flex-shrink:0;--awb-flex-grow-medium:0;--awb-flex-shrink-medium:0;--awb-flex-grow-small:0;--awb-flex-shrink-small:0;\"><div class=\"fusion-column-wrapper fusion-column-has-shadow fusion-flex-justify-content-flex-start fusion-content-layout-column\"><div class=\"fusion-classic-product-image-wrapper fusion-woo-product-image fusion-post-card-image fusion-post-card-image-1\" data-layout=\"static\" style=\"--awb-margin-bottom:0px;\"><div  class=\"fusion-image-wrapper\" aria-haspopup=\"true\">\n\t\t\t\t\t\t\t<a href=\"https:\/\/www.interreg6a.net\/pl\/stan-wdrazania-funduszy-malych-projektow\/\" aria-label=\"Stan wdra\u017cania Funduszy Ma\u0142ych Projekt\u00f3w\">\n\t\t\t\t\t\t\t<img decoding=\"async\" width=\"1284\" height=\"794\" src=\"https:\/\/www.interreg6a.net\/wp-content\/uploads\/2023\/06\/KPF.png\" class=\"attachment-full size-full wp-post-image\" alt=\"\" srcset=\"https:\/\/www.interreg6a.net\/wp-content\/uploads\/2023\/06\/KPF-200x124.png 200w, https:\/\/www.interreg6a.net\/wp-content\/uploads\/2023\/06\/KPF-400x247.png 400w, https:\/\/www.interreg6a.net\/wp-content\/uploads\/2023\/06\/KPF-600x371.png 600w, https:\/\/www.interreg6a.net\/wp-content\/uploads\/2023\/06\/KPF-800x495.png 800w, https:\/\/www.interreg6a.net\/wp-content\/uploads\/2023\/06\/KPF-1200x742.png 1200w, https:\/\/www.interreg6a.net\/wp-content\/uploads\/2023\/06\/KPF.png 1284w\" sizes=\"(min-width: 2200px) 100vw, (min-width: 851px) 365px, (min-width: 780px) 486px, (min-width: 710px) 780px, (min-width: 640px) 710px, \" \/>\t\t\t<\/a>\n\t\t\t\t\t\t\t<\/div>\n<\/div><div class=\"fusion-text fusion-text-10 fusion-text-no-margin\" style=\"--awb-content-alignment:center;--awb-text-color:var(--awb-color2);--awb-margin-top:17px;--awb-margin-bottom:2px;\"><p>12 sierpnia 2024<\/p>\n<\/div><div class=\"fusion-separator\" style=\"align-self: center;margin-left: auto;margin-right: auto;margin-top:5px;width:100%;max-width:20%;\"><div class=\"fusion-separator-border sep-single sep-solid\" style=\"--awb-height:20px;--awb-amount:20px;--awb-sep-color:var(--awb-custom_color_1);border-color:var(--awb-custom_color_1);border-top-width:3px;\"><\/div><\/div><div class=\"fusion-title title fusion-title-4 fusion-sep-none fusion-title-text fusion-title-size-five\" style=\"--awb-margin-top:18px;--awb-margin-right:25px;--awb-margin-bottom:25px;--awb-margin-left:25px;--awb-margin-top-small:10px;--awb-margin-right-small:0px;--awb-margin-bottom-small:10px;--awb-margin-left-small:0px;\"><h5 class=\"fusion-title-heading title-heading-left\" style=\"margin:0;\">Stan wdra\u017cania Funduszy Ma\u0142ych Projekt\u00f3w<\/h5><\/div><\/div><\/li>\n<li class=\"fusion-layout-column fusion_builder_column fusion-builder-column-4 fusion-flex-column post-card fusion-grid-column fusion-post-cards-grid-column\" style=\"--awb-overflow:auto;--awb-bg-color:#ffffff;--awb-bg-color-hover:#ffffff;--awb-bg-blend:overlay;--awb-bg-size:cover;--awb-box-shadow:2px 2px 8px 2px #d6d6d6;;--awb-border-color:var(--awb-custom_color_5);--awb-border-bottom:7px;--awb-border-style:solid;--awb-border-radius:15px 15px 15px 15px;--awb-flex-grow:0;--awb-flex-shrink:0;--awb-flex-grow-medium:0;--awb-flex-shrink-medium:0;--awb-flex-grow-small:0;--awb-flex-shrink-small:0;\"><div class=\"fusion-column-wrapper fusion-column-has-shadow fusion-flex-justify-content-flex-start fusion-content-layout-column\"><div class=\"fusion-classic-product-image-wrapper fusion-woo-product-image fusion-post-card-image fusion-post-card-image-1\" data-layout=\"static\" style=\"--awb-margin-bottom:0px;\"><div  class=\"fusion-image-wrapper\" aria-haspopup=\"true\">\n\t\t\t\t\t\t\t<a href=\"https:\/\/www.interreg6a.net\/pl\/zatwierdzenie-funduszy-malych-projektow\/\" aria-label=\"Zatwierdzenie Funduszy Ma\u0142ych Projekt\u00f3w\">\n\t\t\t\t\t\t\t<img decoding=\"async\" width=\"1284\" height=\"794\" src=\"https:\/\/www.interreg6a.net\/wp-content\/uploads\/2023\/06\/KPF.png\" class=\"attachment-full size-full wp-post-image\" alt=\"\" srcset=\"https:\/\/www.interreg6a.net\/wp-content\/uploads\/2023\/06\/KPF-200x124.png 200w, https:\/\/www.interreg6a.net\/wp-content\/uploads\/2023\/06\/KPF-400x247.png 400w, https:\/\/www.interreg6a.net\/wp-content\/uploads\/2023\/06\/KPF-600x371.png 600w, https:\/\/www.interreg6a.net\/wp-content\/uploads\/2023\/06\/KPF-800x495.png 800w, https:\/\/www.interreg6a.net\/wp-content\/uploads\/2023\/06\/KPF-1200x742.png 1200w, https:\/\/www.interreg6a.net\/wp-content\/uploads\/2023\/06\/KPF.png 1284w\" sizes=\"(min-width: 2200px) 100vw, (min-width: 851px) 365px, (min-width: 780px) 486px, (min-width: 710px) 780px, (min-width: 640px) 710px, \" \/>\t\t\t<\/a>\n\t\t\t\t\t\t\t<\/div>\n<\/div><div class=\"fusion-text fusion-text-11 fusion-text-no-margin\" style=\"--awb-content-alignment:center;--awb-text-color:var(--awb-color2);--awb-margin-top:17px;--awb-margin-bottom:2px;\"><p>17 sierpnia 2023<\/p>\n<\/div><div class=\"fusion-separator\" style=\"align-self: center;margin-left: auto;margin-right: auto;margin-top:5px;width:100%;max-width:20%;\"><div class=\"fusion-separator-border sep-single sep-solid\" style=\"--awb-height:20px;--awb-amount:20px;--awb-sep-color:var(--awb-custom_color_1);border-color:var(--awb-custom_color_1);border-top-width:3px;\"><\/div><\/div><div class=\"fusion-title title fusion-title-5 fusion-sep-none fusion-title-text fusion-title-size-five\" style=\"--awb-margin-top:18px;--awb-margin-right:25px;--awb-margin-bottom:25px;--awb-margin-left:25px;--awb-margin-top-small:10px;--awb-margin-right-small:0px;--awb-margin-bottom-small:10px;--awb-margin-left-small:0px;\"><h5 class=\"fusion-title-heading title-heading-left\" style=\"margin:0;\">Zatwierdzenie Funduszy Ma\u0142ych Projekt\u00f3w<\/h5><\/div><\/div><\/li>\n<li class=\"fusion-layout-column fusion_builder_column fusion-builder-column-5 fusion-flex-column post-card fusion-grid-column fusion-post-cards-grid-column\" style=\"--awb-overflow:auto;--awb-bg-color:#ffffff;--awb-bg-color-hover:#ffffff;--awb-bg-blend:overlay;--awb-bg-size:cover;--awb-box-shadow:2px 2px 8px 2px #d6d6d6;;--awb-border-color:var(--awb-custom_color_5);--awb-border-bottom:7px;--awb-border-style:solid;--awb-border-radius:15px 15px 15px 15px;--awb-flex-grow:0;--awb-flex-shrink:0;--awb-flex-grow-medium:0;--awb-flex-shrink-medium:0;--awb-flex-grow-small:0;--awb-flex-shrink-small:0;\"><div class=\"fusion-column-wrapper fusion-column-has-shadow fusion-flex-justify-content-flex-start fusion-content-layout-column\"><div class=\"fusion-classic-product-image-wrapper fusion-woo-product-image fusion-post-card-image fusion-post-card-image-1\" data-layout=\"static\" style=\"--awb-margin-bottom:0px;\"><div  class=\"fusion-image-wrapper\" aria-haspopup=\"true\">\n\t\t\t\t\t\t\t<a href=\"https:\/\/www.interreg6a.net\/pl\/dokumenty-funduszu-malych-projektow-zostaly-opublikowane\/\" aria-label=\"Dokumenty Funduszu Ma\u0142ych Projekt\u00f3w zosta\u0142y opublikowane!\">\n\t\t\t\t\t\t\t<img decoding=\"async\" width=\"1284\" height=\"794\" src=\"https:\/\/www.interreg6a.net\/wp-content\/uploads\/2023\/06\/KPF.png\" class=\"attachment-full size-full wp-post-image\" alt=\"\" srcset=\"https:\/\/www.interreg6a.net\/wp-content\/uploads\/2023\/06\/KPF-200x124.png 200w, https:\/\/www.interreg6a.net\/wp-content\/uploads\/2023\/06\/KPF-400x247.png 400w, https:\/\/www.interreg6a.net\/wp-content\/uploads\/2023\/06\/KPF-600x371.png 600w, https:\/\/www.interreg6a.net\/wp-content\/uploads\/2023\/06\/KPF-800x495.png 800w, https:\/\/www.interreg6a.net\/wp-content\/uploads\/2023\/06\/KPF-1200x742.png 1200w, https:\/\/www.interreg6a.net\/wp-content\/uploads\/2023\/06\/KPF.png 1284w\" sizes=\"(min-width: 2200px) 100vw, (min-width: 851px) 365px, (min-width: 780px) 486px, (min-width: 710px) 780px, (min-width: 640px) 710px, \" \/>\t\t\t<\/a>\n\t\t\t\t\t\t\t<\/div>\n<\/div><div class=\"fusion-text fusion-text-12 fusion-text-no-margin\" style=\"--awb-content-alignment:center;--awb-text-color:var(--awb-color2);--awb-margin-top:17px;--awb-margin-bottom:2px;\"><p>23 czerwca 2023<\/p>\n<\/div><div class=\"fusion-separator\" style=\"align-self: center;margin-left: auto;margin-right: auto;margin-top:5px;width:100%;max-width:20%;\"><div class=\"fusion-separator-border sep-single sep-solid\" style=\"--awb-height:20px;--awb-amount:20px;--awb-sep-color:var(--awb-custom_color_1);border-color:var(--awb-custom_color_1);border-top-width:3px;\"><\/div><\/div><div class=\"fusion-title title fusion-title-6 fusion-sep-none fusion-title-text fusion-title-size-five\" style=\"--awb-margin-top:18px;--awb-margin-right:25px;--awb-margin-bottom:25px;--awb-margin-left:25px;--awb-margin-top-small:10px;--awb-margin-right-small:0px;--awb-margin-bottom-small:10px;--awb-margin-left-small:0px;\"><h5 class=\"fusion-title-heading title-heading-left\" style=\"margin:0;\">Dokumenty Funduszu Ma\u0142ych Projekt\u00f3w zosta\u0142y opublikowane!<\/h5><\/div><\/div><\/li>\n<\/ul><\/div><\/div><\/div><\/div><\/div><\/p>\n","protected":false},"excerpt":{"rendered":"","protected":false},"author":25,"featured_media":0,"parent":0,"menu_order":0,"comment_status":"closed","ping_status":"closed","template":"100-width.php","meta":{"_price":"","_stock":"","_tribe_ticket_header":"","_tribe_default_ticket_provider":"","_tribe_ticket_capacity":"0","_ticket_start_date":"","_ticket_end_date":"","_tribe_ticket_show_description":"","_tribe_ticket_show_not_going":false,"_tribe_ticket_use_global_stock":"","_tribe_ticket_global_stock_level":"","_global_stock_mode":"","_global_stock_cap":"","_tribe_rsvp_for_event":"","_tribe_ticket_going_count":"","_tribe_ticket_not_going_count":"","_tribe_tickets_list":"[]","_tribe_ticket_has_attendee_info_fields":false,"footnotes":"","_tec_slr_enabled":"","_tec_slr_layout":""},"class_list":["post-10950","page","type-page","status-publish","hentry"],"yoast_head":"<!-- This site is optimized with the Yoast SEO plugin v27.3 - https:\/\/yoast.com\/product\/yoast-seo-wordpress\/ -->\n<title>Fundusze Ma\u0142ych Projekt\u00f3w - Interreg VI A MV\/BB\/PL<\/title>\n<meta name=\"robots\" content=\"index, follow, max-snippet:-1, max-image-preview:large, max-video-preview:-1\" \/>\n<link rel=\"canonical\" href=\"https:\/\/www.interreg6a.net\/pl\/fundusze-malych-projektow\/\" \/>\n<meta property=\"og:locale\" content=\"pl_PL\" \/>\n<meta property=\"og:type\" content=\"article\" \/>\n<meta property=\"og:title\" content=\"Fundusze Ma\u0142ych Projekt\u00f3w - Interreg VI A MV\/BB\/PL\" \/>\n<meta property=\"og:url\" content=\"https:\/\/www.interreg6a.net\/pl\/fundusze-malych-projektow\/\" \/>\n<meta property=\"og:site_name\" content=\"Interreg VI A MV\/BB\/PL\" \/>\n<meta property=\"article:modified_time\" content=\"2024-08-20T06:49:36+00:00\" \/>\n<meta name=\"twitter:card\" content=\"summary_large_image\" \/>\n<meta name=\"twitter:label1\" content=\"Szacowany czas czytania\" \/>\n\t<meta name=\"twitter:data1\" content=\"3 minuty\" \/>\n<script type=\"application\/ld+json\" class=\"yoast-schema-graph\">{\"@context\":\"https:\\\/\\\/schema.org\",\"@graph\":[{\"@type\":\"WebPage\",\"@id\":\"https:\\\/\\\/www.interreg6a.net\\\/pl\\\/fundusze-malych-projektow\\\/\",\"url\":\"https:\\\/\\\/www.interreg6a.net\\\/pl\\\/fundusze-malych-projektow\\\/\",\"name\":\"Fundusze Ma\u0142ych Projekt\u00f3w - Interreg VI A MV\\\/BB\\\/PL\",\"isPartOf\":{\"@id\":\"https:\\\/\\\/www.interreg6a.net\\\/pl\\\/#website\"},\"datePublished\":\"2023-11-17T10:41:57+00:00\",\"dateModified\":\"2024-08-20T06:49:36+00:00\",\"breadcrumb\":{\"@id\":\"https:\\\/\\\/www.interreg6a.net\\\/pl\\\/fundusze-malych-projektow\\\/#breadcrumb\"},\"inLanguage\":\"pl-PL\",\"potentialAction\":[{\"@type\":\"ReadAction\",\"target\":[\"https:\\\/\\\/www.interreg6a.net\\\/pl\\\/fundusze-malych-projektow\\\/\"]}]},{\"@type\":\"BreadcrumbList\",\"@id\":\"https:\\\/\\\/www.interreg6a.net\\\/pl\\\/fundusze-malych-projektow\\\/#breadcrumb\",\"itemListElement\":[{\"@type\":\"ListItem\",\"position\":1,\"name\":\"Strona g\u0142\u00f3wna\",\"item\":\"https:\\\/\\\/www.interreg6a.net\\\/pl\\\/\"},{\"@type\":\"ListItem\",\"position\":2,\"name\":\"Fundusze Ma\u0142ych Projekt\u00f3w\"}]},{\"@type\":\"WebSite\",\"@id\":\"https:\\\/\\\/www.interreg6a.net\\\/pl\\\/#website\",\"url\":\"https:\\\/\\\/www.interreg6a.net\\\/pl\\\/\",\"name\":\"Interreg VI A MV\\\/BB\\\/PL\",\"description\":\"\",\"potentialAction\":[{\"@type\":\"SearchAction\",\"target\":{\"@type\":\"EntryPoint\",\"urlTemplate\":\"https:\\\/\\\/www.interreg6a.net\\\/pl\\\/?s={search_term_string}\"},\"query-input\":{\"@type\":\"PropertyValueSpecification\",\"valueRequired\":true,\"valueName\":\"search_term_string\"}}],\"inLanguage\":\"pl-PL\"}]}<\/script>\n<!-- \/ Yoast SEO plugin. -->","yoast_head_json":{"title":"Fundusze Ma\u0142ych Projekt\u00f3w - Interreg VI A MV\/BB\/PL","robots":{"index":"index","follow":"follow","max-snippet":"max-snippet:-1","max-image-preview":"max-image-preview:large","max-video-preview":"max-video-preview:-1"},"canonical":"https:\/\/www.interreg6a.net\/pl\/fundusze-malych-projektow\/","og_locale":"pl_PL","og_type":"article","og_title":"Fundusze Ma\u0142ych Projekt\u00f3w - Interreg VI A MV\/BB\/PL","og_url":"https:\/\/www.interreg6a.net\/pl\/fundusze-malych-projektow\/","og_site_name":"Interreg VI A MV\/BB\/PL","article_modified_time":"2024-08-20T06:49:36+00:00","twitter_card":"summary_large_image","twitter_misc":{"Szacowany czas czytania":"3 minuty"},"schema":{"@context":"https:\/\/schema.org","@graph":[{"@type":"WebPage","@id":"https:\/\/www.interreg6a.net\/pl\/fundusze-malych-projektow\/","url":"https:\/\/www.interreg6a.net\/pl\/fundusze-malych-projektow\/","name":"Fundusze Ma\u0142ych Projekt\u00f3w - Interreg VI A MV\/BB\/PL","isPartOf":{"@id":"https:\/\/www.interreg6a.net\/pl\/#website"},"datePublished":"2023-11-17T10:41:57+00:00","dateModified":"2024-08-20T06:49:36+00:00","breadcrumb":{"@id":"https:\/\/www.interreg6a.net\/pl\/fundusze-malych-projektow\/#breadcrumb"},"inLanguage":"pl-PL","potentialAction":[{"@type":"ReadAction","target":["https:\/\/www.interreg6a.net\/pl\/fundusze-malych-projektow\/"]}]},{"@type":"BreadcrumbList","@id":"https:\/\/www.interreg6a.net\/pl\/fundusze-malych-projektow\/#breadcrumb","itemListElement":[{"@type":"ListItem","position":1,"name":"Strona g\u0142\u00f3wna","item":"https:\/\/www.interreg6a.net\/pl\/"},{"@type":"ListItem","position":2,"name":"Fundusze Ma\u0142ych Projekt\u00f3w"}]},{"@type":"WebSite","@id":"https:\/\/www.interreg6a.net\/pl\/#website","url":"https:\/\/www.interreg6a.net\/pl\/","name":"Interreg VI A MV\/BB\/PL","description":"","potentialAction":[{"@type":"SearchAction","target":{"@type":"EntryPoint","urlTemplate":"https:\/\/www.interreg6a.net\/pl\/?s={search_term_string}"},"query-input":{"@type":"PropertyValueSpecification","valueRequired":true,"valueName":"search_term_string"}}],"inLanguage":"pl-PL"}]}},"ticketed":false,"_links":{"self":[{"href":"https:\/\/www.interreg6a.net\/pl\/wp-json\/wp\/v2\/pages\/10950","targetHints":{"allow":["GET"]}}],"collection":[{"href":"https:\/\/www.interreg6a.net\/pl\/wp-json\/wp\/v2\/pages"}],"about":[{"href":"https:\/\/www.interreg6a.net\/pl\/wp-json\/wp\/v2\/types\/page"}],"author":[{"embeddable":true,"href":"https:\/\/www.interreg6a.net\/pl\/wp-json\/wp\/v2\/users\/25"}],"replies":[{"embeddable":true,"href":"https:\/\/www.interreg6a.net\/pl\/wp-json\/wp\/v2\/comments?post=10950"}],"version-history":[{"count":21,"href":"https:\/\/www.interreg6a.net\/pl\/wp-json\/wp\/v2\/pages\/10950\/revisions"}],"predecessor-version":[{"id":13587,"href":"https:\/\/www.interreg6a.net\/pl\/wp-json\/wp\/v2\/pages\/10950\/revisions\/13587"}],"wp:attachment":[{"href":"https:\/\/www.interreg6a.net\/pl\/wp-json\/wp\/v2\/media?parent=10950"}],"curies":[{"name":"wp","href":"https:\/\/api.w.org\/{rel}","templated":true}]}}