{"id":20545,"date":"2025-10-27T08:53:04","date_gmt":"2025-10-27T07:53:04","guid":{"rendered":"https:\/\/www.interreg6a.net\/?page_id=20545"},"modified":"2025-10-27T10:02:47","modified_gmt":"2025-10-27T09:02:47","slug":"projekty-regularne","status":"publish","type":"page","link":"https:\/\/www.interreg6a.net\/pl\/projekty-regularne\/","title":{"rendered":"Projekty regularne"},"content":{"rendered":"<p><div class=\"fusion-fullwidth fullwidth-box fusion-builder-row-1 fusion-flex-container nonhundred-percent-fullwidth non-hundred-percent-height-scrolling\" style=\"--awb-border-radius-top-left:0px;--awb-border-radius-top-right:0px;--awb-border-radius-bottom-right:0px;--awb-border-radius-bottom-left:0px;--awb-flex-wrap:wrap;\" ><div class=\"fusion-builder-row fusion-row fusion-flex-align-items-flex-start fusion-flex-content-wrap\" style=\"max-width:1586px;margin-left: calc(-4% \/ 2 );margin-right: calc(-4% \/ 2 );\"><div class=\"fusion-layout-column fusion_builder_column fusion-builder-column-0 fusion-flex-column\" style=\"--awb-bg-size:cover;--awb-width-large:10%;--awb-margin-top-large:0px;--awb-spacing-right-large:19.2%;--awb-margin-bottom-large:20px;--awb-spacing-left-large:19.2%;--awb-order-medium:0;--awb-spacing-right-medium:0px;--awb-spacing-left-medium:0px;--awb-width-small:100%;--awb-order-small:0;--awb-spacing-right-small:1.92%;--awb-spacing-left-small:1.92%;\"><div class=\"fusion-column-wrapper fusion-column-has-shadow fusion-flex-justify-content-flex-start fusion-content-layout-column\"><\/div><\/div><div class=\"fusion-layout-column fusion_builder_column fusion-builder-column-1 fusion-flex-column\" style=\"--awb-bg-size:cover;--awb-width-large:79%;--awb-margin-top-large:0px;--awb-spacing-right-large:0%;--awb-margin-bottom-large:20px;--awb-spacing-left-large:0%;--awb-width-medium:100%;--awb-order-medium:0;--awb-spacing-right-medium:0%;--awb-spacing-left-medium:0%;--awb-width-small:100%;--awb-order-small:0;--awb-spacing-right-small:1.92%;--awb-spacing-left-small:1.92%;\"><div class=\"fusion-column-wrapper fusion-column-has-shadow fusion-flex-justify-content-flex-start fusion-content-layout-column\"><div class=\"fusion-title title fusion-title-1 fusion-sep-none fusion-title-center fusion-title-text fusion-title-size-one\" style=\"--awb-margin-top-small:10px;--awb-margin-right-small:0px;--awb-margin-bottom-small:10px;--awb-margin-left-small:0px;--awb-sep-color:var(--awb-custom_color_1);\"><h1 class=\"fusion-title-heading title-heading-center\" style=\"margin:0;\">Projekty regularne<\/h1><\/div><\/div><\/div><div class=\"fusion-layout-column fusion_builder_column fusion-builder-column-2 fusion-flex-column\" style=\"--awb-bg-size:cover;--awb-width-large:10%;--awb-margin-top-large:0px;--awb-spacing-right-large:19.2%;--awb-margin-bottom-large:20px;--awb-spacing-left-large:19.2%;--awb-order-medium:0;--awb-spacing-right-medium:0px;--awb-spacing-left-medium:0px;--awb-width-small:100%;--awb-order-small:0;--awb-spacing-right-small:0px;--awb-spacing-left-small:0px;\"><div class=\"fusion-column-wrapper fusion-column-has-shadow fusion-flex-justify-content-flex-start fusion-content-layout-column\"><\/div><\/div><\/div><\/div><div class=\"fusion-fullwidth fullwidth-box fusion-builder-row-2 fusion-flex-container has-pattern-background has-mask-background nonhundred-percent-fullwidth non-hundred-percent-height-scrolling\" style=\"--awb-border-radius-top-left:0px;--awb-border-radius-top-right:0px;--awb-border-radius-bottom-right:0px;--awb-border-radius-bottom-left:0px;--awb-flex-wrap:wrap;\" ><div class=\"fusion-builder-row fusion-row fusion-flex-align-items-flex-start fusion-flex-content-wrap\" style=\"max-width:1586px;margin-left: calc(-4% \/ 2 );margin-right: calc(-4% \/ 2 );\"><div class=\"fusion-layout-column fusion_builder_column fusion-builder-column-3 fusion_builder_column_1_1 1_1 fusion-flex-column\" style=\"--awb-bg-size:cover;--awb-width-large:100%;--awb-margin-top-large:0px;--awb-spacing-right-large:1.92%;--awb-margin-bottom-large:20px;--awb-spacing-left-large:1.92%;--awb-width-medium:100%;--awb-order-medium:0;--awb-spacing-right-medium:1.92%;--awb-spacing-left-medium:1.92%;--awb-width-small:100%;--awb-order-small:0;--awb-spacing-right-small:1.92%;--awb-spacing-left-small:1.92%;\"><div class=\"fusion-column-wrapper fusion-column-has-shadow fusion-flex-justify-content-flex-start fusion-content-layout-column\"><div class=\"fusion-text fusion-text-1\"><p>Znajd\u0105 tu Pa\u0144stwo wszystkie istotne informacje dotycz\u0105ce realizacji projekt\u00f3w regularnych oraz dw\u00f3ch projekt\u00f3w KPF.<\/p>\n<p>W ramach <strong>strony &#8222;Projekty regularne&#8221;<\/strong> umie\u015bcili\u015bmy nast\u0119puj\u0105ce istniej\u0105ce ju\u017c zak\u0142adki:<\/p>\n<ul>\n<li><a href=\"https:\/\/www.interreg6a.net\/pl\/skladanie-wnioskow\/\">Sk\u0142adanie wniosk\u00f3w<\/a><\/li>\n<li><a href=\"https:\/\/www.interreg6a.net\/pl\/kontraktacja-projektu\/\">Kontraktacja projektu<\/a><\/li>\n<li><a href=\"https:\/\/www.interreg6a.net\/pl\/sprawozdawczosc\/\">Sprawozdawczo\u015b\u0107<\/a><\/li>\n<li><a href=\"https:\/\/www.interreg6a.net\/pl\/kontrola-i-stopnia\/\">Kontrola I stopnia<\/a><\/li>\n<li><a href=\"https:\/\/www.interreg6a.net\/pl\/zmiany-w-projekcie\/\">Zmiany w projekcie<\/a><\/li>\n<\/ul>\n<\/div><div class=\"fusion-text fusion-text-2\"><p>Informacje <a href=\"https:\/\/www.interreg6a.net\/pl\/projekty\/komunikacja\/\">na stronie &#8222;Komunikacja&#8221; <\/a>dotycz\u0105 wszystkich rodzaj\u00f3w projekt\u00f3w.<\/p>\n<\/div><\/div><\/div><\/div><\/div><div class=\"fusion-fullwidth fullwidth-box fusion-builder-row-3 fusion-flex-container nonhundred-percent-fullwidth non-hundred-percent-height-scrolling\" style=\"--awb-border-radius-top-left:0px;--awb-border-radius-top-right:0px;--awb-border-radius-bottom-right:0px;--awb-border-radius-bottom-left:0px;--awb-background-color:var(--awb-color1);--awb-flex-wrap:wrap;\" ><div class=\"fusion-builder-row fusion-row fusion-flex-align-items-flex-start fusion-flex-content-wrap\" style=\"max-width:1586px;margin-left: calc(-4% \/ 2 );margin-right: calc(-4% \/ 2 );\"><div class=\"fusion-layout-column fusion_builder_column fusion-builder-column-4 fusion_builder_column_1_1 1_1 fusion-flex-column fusion-flex-align-self-stretch\" style=\"--awb-bg-size:cover;--awb-width-large:100%;--awb-margin-top-large:0px;--awb-spacing-right-large:1.92%;--awb-margin-bottom-large:20px;--awb-spacing-left-large:1.92%;--awb-width-medium:100%;--awb-order-medium:0;--awb-spacing-right-medium:1.92%;--awb-spacing-left-medium:1.92%;--awb-width-small:100%;--awb-order-small:0;--awb-spacing-right-small:1.92%;--awb-spacing-left-small:1.92%;\"><div class=\"fusion-column-wrapper fusion-column-has-shadow fusion-flex-justify-content-flex-start fusion-content-layout-column\"><div class=\"fusion-title title fusion-title-2 fusion-sep-none fusion-title-center fusion-title-text fusion-title-size-two\" style=\"--awb-margin-top:3%;--awb-margin-bottom:-1px;--awb-margin-top-small:10px;--awb-margin-right-small:0px;--awb-margin-bottom-small:10px;--awb-margin-left-small:0px;\"><h2 class=\"fusion-title-heading title-heading-center\" style=\"margin:0;\">Przydatne Informacje<\/h2><\/div><div class=\"fusion-separator\" style=\"align-self: center;margin-left: auto;margin-right: auto;width:100%;max-width:20%;\"><div class=\"fusion-separator-border sep-single\" style=\"--awb-height:20px;--awb-amount:20px;border-color:var(--awb-color5);border-top-width:3px;\"><\/div><\/div><div class=\"fusion-content-boxes content-boxes columns row fusion-columns-4 fusion-columns-total-4 fusion-content-boxes-1 content-boxes-icon-on-top content-left teaser-blau content_boxes_mobile_nomargin\" style=\"--awb-backgroundcolor:var(--awb-color4);--awb-body-color:var(--awb-color3);--awb-title-color:var(--awb-color2);--awb-margin-top:50px;--awb-hover-accent-color:var(--awb-color5);--awb-circle-hover-accent-color:var(--awb-color5);\" data-animationOffset=\"top-into-view\"><div style=\"--awb-backgroundcolor:var(--awb-custom_color_2);\" class=\"fusion-column content-box-column content-box-column content-box-column-1 col-lg-3 col-md-3 col-sm-3 fusion-content-box-hover content-box-column-first-in-row\"><div class=\"col content-box-wrapper content-wrapper-background link-area-link-icon link-type-text content-icon-wrapper-yes icon-hover-animation-fade\" data-animationOffset=\"top-into-view\"><div class=\"heading heading-with-icon icon-left\"><a class=\"heading-link\" href=\"https:\/\/www.interreg6a.net\/pl\/podrecznik-programu\/\" target=\"_self\"><div class=\"icon\"><span style=\"height:140px;width:140px;line-height:70px;border-color:rgba(255,255,255,0);border-width:1px;border-style:solid;background-color:rgba(255,255,255,0);box-sizing:content-box;border-radius:50%;\"><i style=\"border-color:var(--awb-color8);border-width:0px;background-color:var(--awb-custom_color_6);box-sizing:content-box;height:140px;width:140px;line-height:140px;border-radius:50%;position:relative;top:auto;left:auto;margin:0;border-radius:50%;font-size:70px;\" aria-hidden=\"true\" class=\"fontawesome-icon fa-book-reader fas circle-yes\"><\/i><\/span><\/div><h4 class=\"content-box-heading\" style=\"--h4_typography-font-size:24px;line-height:29px;\">Podr\u0119cznik Programu<\/h4><\/a><\/div><div class=\"fusion-clearfix\"><\/div><div class=\"content-container\">\n<p>Zastanawiasz si\u0119, jakie warunki trzeba spe\u0142ni\u0107 na otrzymanie dofinansowania?<\/p>\n<p>Nasz Podr\u0119cznik Programu daje Ci wyczerpuj\u0105cy przegl\u0105d.<\/p>\n<\/div><\/div><\/div><div style=\"--awb-backgroundcolor:var(--awb-custom_color_2);\" class=\"fusion-column content-box-column content-box-column content-box-column-2 col-lg-3 col-md-3 col-sm-3 fusion-content-box-hover \"><div class=\"col content-box-wrapper content-wrapper-background link-area-link-icon link-type-text content-icon-wrapper-yes icon-hover-animation-fade\" data-animationOffset=\"top-into-view\"><div class=\"heading heading-with-icon icon-left\"><a class=\"heading-link\" href=\"https:\/\/www.interreg6a.net\/pl\/jems\/\" target=\"_self\"><div class=\"icon\"><span style=\"height:140px;width:140px;line-height:70px;border-color:rgba(255,255,255,0);border-width:1px;border-style:solid;background-color:rgba(255,255,255,0);box-sizing:content-box;border-radius:50%;\"><i style=\"border-color:var(--awb-color8);border-width:0px;background-color:var(--awb-color5);box-sizing:content-box;height:140px;width:140px;line-height:140px;border-radius:50%;position:relative;top:auto;left:auto;margin:0;border-radius:50%;font-size:70px;\" aria-hidden=\"true\" class=\"fontawesome-icon fa-chalkboard-teacher fas circle-yes\"><\/i><\/span><\/div><h4 class=\"content-box-heading\" style=\"--h4_typography-font-size:24px;line-height:29px;\">Jems<\/h4><\/a><\/div><div class=\"fusion-clearfix\"><\/div><div class=\"content-container\">\n<p>Czy masz pytania dotycz\u0105ce Jems, naszego portalu do aplikowania i raportowania?<\/p>\n<p>Tutaj dowiesz si\u0119 wszystkiego, co musisz wiedzie\u0107 o Jems.<\/p>\n<\/div><\/div><\/div><div style=\"--awb-backgroundcolor:var(--awb-custom_color_2);\" class=\"fusion-column content-box-column content-box-column content-box-column-3 col-lg-3 col-md-3 col-sm-3 fusion-content-box-hover \"><div class=\"col content-box-wrapper content-wrapper-background link-area-link-icon content-icon-wrapper-yes icon-hover-animation-fade\" data-animationOffset=\"top-into-view\"><div class=\"heading heading-with-icon icon-left\"><div class=\"icon\"><span style=\"height:140px;width:140px;line-height:70px;border-color:rgba(255,255,255,0);border-width:1px;border-style:solid;background-color:rgba(255,255,255,0);box-sizing:content-box;border-radius:50%;\"><i style=\"border-color:var(--awb-color8);border-width:0px;background-color:var(--awb-custom_color_5);box-sizing:content-box;height:140px;width:140px;line-height:140px;border-radius:50%;position:relative;top:auto;left:auto;margin:0;border-radius:50%;font-size:70px;\" aria-hidden=\"true\" class=\"fontawesome-icon fa-bullhorn fas circle-yes\"><\/i><\/span><\/div><h4 class=\"content-box-heading\" style=\"--h4_typography-font-size:24px;line-height:29px;\">Nabory wniosk\u00f3w<\/h4><\/div><div class=\"fusion-clearfix\"><\/div><div class=\"content-container\">\n<div class=\"content-container\">\n<p>Chcesz z\u0142o\u017cy\u0107 projekt?<\/p>\n<p>Tutaj znajdziesz list\u0119 aktualnie otwartych nabor\u00f3w wniosk\u00f3w o dofinansowanie w ramach Programu.<\/p>\n<\/div>\n<\/div><\/div><\/div><div style=\"--awb-backgroundcolor:var(--awb-custom_color_2);\" class=\"fusion-column content-box-column content-box-column content-box-column-4 col-lg-3 col-md-3 col-sm-3 fusion-content-box-hover content-box-column-last content-box-column-last-in-row\"><div class=\"col content-box-wrapper content-wrapper-background link-area-link-icon link-type-text content-icon-wrapper-yes icon-hover-animation-fade\" data-animationOffset=\"top-into-view\"><div class=\"heading heading-with-icon icon-left\"><a class=\"heading-link\" href=\"https:\/\/www.interreg6a.net\/pl\/osoby-do-kontaktu\/\" target=\"_self\"><div class=\"icon\"><span style=\"height:140px;width:140px;line-height:70px;border-color:rgba(255,255,255,0);border-width:1px;border-style:solid;background-color:rgba(255,255,255,0);box-sizing:content-box;border-radius:50%;\"><i style=\"border-color:var(--awb-color8);border-width:0px;background-color:var(--awb-custom_color_7);box-sizing:content-box;height:140px;width:140px;line-height:140px;border-radius:50%;position:relative;top:auto;left:auto;margin:0;border-radius:50%;font-size:70px;\" aria-hidden=\"true\" class=\"fontawesome-icon fa-user-friends fas circle-yes\"><\/i><\/span><\/div><h4 class=\"content-box-heading\" style=\"--h4_typography-font-size:24px;line-height:29px;\">Osoby do kontaktu<\/h4><\/a><\/div><div class=\"fusion-clearfix\"><\/div><div class=\"content-container\">\n<p>Masz pytania dotycz\u0105ce Programu i jego wymaga\u0144?<\/p>\n<p>Prosimy o kontakt.<\/p>\n<\/div><\/div><\/div><div class=\"fusion-clearfix\"><\/div><\/div><\/div><\/div><\/div><\/div><\/p>\n","protected":false},"excerpt":{"rendered":"","protected":false},"author":12,"featured_media":0,"parent":0,"menu_order":0,"comment_status":"closed","ping_status":"closed","template":"100-width.php","meta":{"_price":"","_stock":"","_tribe_ticket_header":"","_tribe_default_ticket_provider":"","_tribe_ticket_capacity":"0","_ticket_start_date":"","_ticket_end_date":"","_tribe_ticket_show_description":"","_tribe_ticket_show_not_going":false,"_tribe_ticket_use_global_stock":"","_tribe_ticket_global_stock_level":"","_global_stock_mode":"","_global_stock_cap":"","_tribe_rsvp_for_event":"","_tribe_ticket_going_count":"","_tribe_ticket_not_going_count":"","_tribe_tickets_list":"[]","_tribe_ticket_has_attendee_info_fields":false,"footnotes":"","_tec_slr_enabled":"","_tec_slr_layout":""},"class_list":["post-20545","page","type-page","status-publish","hentry"],"yoast_head":"<!-- This site is optimized with the Yoast SEO plugin v27.3 - https:\/\/yoast.com\/product\/yoast-seo-wordpress\/ -->\n<title>Projekty regularne - Interreg VI A MV\/BB\/PL<\/title>\n<meta name=\"robots\" content=\"index, follow, max-snippet:-1, max-image-preview:large, max-video-preview:-1\" \/>\n<link rel=\"canonical\" href=\"https:\/\/www.interreg6a.net\/pl\/projekty-regularne\/\" \/>\n<meta property=\"og:locale\" content=\"pl_PL\" \/>\n<meta property=\"og:type\" content=\"article\" \/>\n<meta property=\"og:title\" content=\"Projekty regularne - Interreg VI A MV\/BB\/PL\" \/>\n<meta property=\"og:url\" content=\"https:\/\/www.interreg6a.net\/pl\/projekty-regularne\/\" \/>\n<meta property=\"og:site_name\" content=\"Interreg VI A MV\/BB\/PL\" \/>\n<meta property=\"article:modified_time\" content=\"2025-10-27T09:02:47+00:00\" \/>\n<meta name=\"twitter:card\" content=\"summary_large_image\" \/>\n<meta name=\"twitter:label1\" content=\"Szacowany czas czytania\" \/>\n\t<meta name=\"twitter:data1\" content=\"1 minuta\" \/>\n<script type=\"application\/ld+json\" class=\"yoast-schema-graph\">{\"@context\":\"https:\\\/\\\/schema.org\",\"@graph\":[{\"@type\":\"WebPage\",\"@id\":\"https:\\\/\\\/www.interreg6a.net\\\/pl\\\/projekty-regularne\\\/\",\"url\":\"https:\\\/\\\/www.interreg6a.net\\\/pl\\\/projekty-regularne\\\/\",\"name\":\"Projekty regularne - Interreg VI A MV\\\/BB\\\/PL\",\"isPartOf\":{\"@id\":\"https:\\\/\\\/www.interreg6a.net\\\/pl\\\/#website\"},\"datePublished\":\"2025-10-27T07:53:04+00:00\",\"dateModified\":\"2025-10-27T09:02:47+00:00\",\"breadcrumb\":{\"@id\":\"https:\\\/\\\/www.interreg6a.net\\\/pl\\\/projekty-regularne\\\/#breadcrumb\"},\"inLanguage\":\"pl-PL\",\"potentialAction\":[{\"@type\":\"ReadAction\",\"target\":[\"https:\\\/\\\/www.interreg6a.net\\\/pl\\\/projekty-regularne\\\/\"]}]},{\"@type\":\"BreadcrumbList\",\"@id\":\"https:\\\/\\\/www.interreg6a.net\\\/pl\\\/projekty-regularne\\\/#breadcrumb\",\"itemListElement\":[{\"@type\":\"ListItem\",\"position\":1,\"name\":\"Strona g\u0142\u00f3wna\",\"item\":\"https:\\\/\\\/www.interreg6a.net\\\/pl\\\/\"},{\"@type\":\"ListItem\",\"position\":2,\"name\":\"Projekty regularne\"}]},{\"@type\":\"WebSite\",\"@id\":\"https:\\\/\\\/www.interreg6a.net\\\/pl\\\/#website\",\"url\":\"https:\\\/\\\/www.interreg6a.net\\\/pl\\\/\",\"name\":\"Interreg VI A MV\\\/BB\\\/PL\",\"description\":\"\",\"potentialAction\":[{\"@type\":\"SearchAction\",\"target\":{\"@type\":\"EntryPoint\",\"urlTemplate\":\"https:\\\/\\\/www.interreg6a.net\\\/pl\\\/?s={search_term_string}\"},\"query-input\":{\"@type\":\"PropertyValueSpecification\",\"valueRequired\":true,\"valueName\":\"search_term_string\"}}],\"inLanguage\":\"pl-PL\"}]}<\/script>\n<!-- \/ Yoast SEO plugin. -->","yoast_head_json":{"title":"Projekty regularne - Interreg VI A MV\/BB\/PL","robots":{"index":"index","follow":"follow","max-snippet":"max-snippet:-1","max-image-preview":"max-image-preview:large","max-video-preview":"max-video-preview:-1"},"canonical":"https:\/\/www.interreg6a.net\/pl\/projekty-regularne\/","og_locale":"pl_PL","og_type":"article","og_title":"Projekty regularne - Interreg VI A MV\/BB\/PL","og_url":"https:\/\/www.interreg6a.net\/pl\/projekty-regularne\/","og_site_name":"Interreg VI A MV\/BB\/PL","article_modified_time":"2025-10-27T09:02:47+00:00","twitter_card":"summary_large_image","twitter_misc":{"Szacowany czas czytania":"1 minuta"},"schema":{"@context":"https:\/\/schema.org","@graph":[{"@type":"WebPage","@id":"https:\/\/www.interreg6a.net\/pl\/projekty-regularne\/","url":"https:\/\/www.interreg6a.net\/pl\/projekty-regularne\/","name":"Projekty regularne - Interreg VI A MV\/BB\/PL","isPartOf":{"@id":"https:\/\/www.interreg6a.net\/pl\/#website"},"datePublished":"2025-10-27T07:53:04+00:00","dateModified":"2025-10-27T09:02:47+00:00","breadcrumb":{"@id":"https:\/\/www.interreg6a.net\/pl\/projekty-regularne\/#breadcrumb"},"inLanguage":"pl-PL","potentialAction":[{"@type":"ReadAction","target":["https:\/\/www.interreg6a.net\/pl\/projekty-regularne\/"]}]},{"@type":"BreadcrumbList","@id":"https:\/\/www.interreg6a.net\/pl\/projekty-regularne\/#breadcrumb","itemListElement":[{"@type":"ListItem","position":1,"name":"Strona g\u0142\u00f3wna","item":"https:\/\/www.interreg6a.net\/pl\/"},{"@type":"ListItem","position":2,"name":"Projekty regularne"}]},{"@type":"WebSite","@id":"https:\/\/www.interreg6a.net\/pl\/#website","url":"https:\/\/www.interreg6a.net\/pl\/","name":"Interreg VI A MV\/BB\/PL","description":"","potentialAction":[{"@type":"SearchAction","target":{"@type":"EntryPoint","urlTemplate":"https:\/\/www.interreg6a.net\/pl\/?s={search_term_string}"},"query-input":{"@type":"PropertyValueSpecification","valueRequired":true,"valueName":"search_term_string"}}],"inLanguage":"pl-PL"}]}},"ticketed":false,"_links":{"self":[{"href":"https:\/\/www.interreg6a.net\/pl\/wp-json\/wp\/v2\/pages\/20545","targetHints":{"allow":["GET"]}}],"collection":[{"href":"https:\/\/www.interreg6a.net\/pl\/wp-json\/wp\/v2\/pages"}],"about":[{"href":"https:\/\/www.interreg6a.net\/pl\/wp-json\/wp\/v2\/types\/page"}],"author":[{"embeddable":true,"href":"https:\/\/www.interreg6a.net\/pl\/wp-json\/wp\/v2\/users\/12"}],"replies":[{"embeddable":true,"href":"https:\/\/www.interreg6a.net\/pl\/wp-json\/wp\/v2\/comments?post=20545"}],"version-history":[{"count":9,"href":"https:\/\/www.interreg6a.net\/pl\/wp-json\/wp\/v2\/pages\/20545\/revisions"}],"predecessor-version":[{"id":20584,"href":"https:\/\/www.interreg6a.net\/pl\/wp-json\/wp\/v2\/pages\/20545\/revisions\/20584"}],"wp:attachment":[{"href":"https:\/\/www.interreg6a.net\/pl\/wp-json\/wp\/v2\/media?parent=20545"}],"curies":[{"name":"wp","href":"https:\/\/api.w.org\/{rel}","templated":true}]}}