{"id":9222,"date":"2023-04-20T15:11:33","date_gmt":"2023-04-20T13:11:33","guid":{"rendered":"https:\/\/www.interreg6a.net\/?page_id=9222"},"modified":"2023-05-25T09:02:34","modified_gmt":"2023-05-25T07:02:34","slug":"dokumenty-programowe","status":"publish","type":"page","link":"https:\/\/www.interreg6a.net\/pl\/dokumenty-programowe\/","title":{"rendered":"Dokumenty programowe"},"content":{"rendered":"<p><div class=\"fusion-fullwidth fullwidth-box fusion-builder-row-1 fusion-flex-container has-pattern-background has-mask-background nonhundred-percent-fullwidth non-hundred-percent-height-scrolling\" style=\"--awb-border-radius-top-left:0px;--awb-border-radius-top-right:0px;--awb-border-radius-bottom-right:0px;--awb-border-radius-bottom-left:0px;--awb-flex-wrap:wrap;\" ><div class=\"fusion-builder-row fusion-row fusion-flex-align-items-flex-start fusion-flex-content-wrap\" style=\"max-width:1586px;margin-left: calc(-4% \/ 2 );margin-right: calc(-4% \/ 2 );\"><div class=\"fusion-layout-column fusion_builder_column fusion-builder-column-0 fusion_builder_column_1_1 1_1 fusion-flex-column\" style=\"--awb-bg-size:cover;--awb-width-large:100%;--awb-margin-top-large:0px;--awb-spacing-right-large:1.92%;--awb-margin-bottom-large:20px;--awb-spacing-left-large:1.92%;--awb-width-medium:100%;--awb-order-medium:0;--awb-spacing-right-medium:1.92%;--awb-spacing-left-medium:1.92%;--awb-width-small:100%;--awb-order-small:0;--awb-spacing-right-small:1.92%;--awb-spacing-left-small:1.92%;\"><div class=\"fusion-column-wrapper fusion-column-has-shadow fusion-flex-justify-content-flex-start fusion-content-layout-column\"><div class=\"fusion-title title fusion-title-1 fusion-sep-none fusion-title-text fusion-title-size-one\" style=\"--awb-margin-top-small:10px;--awb-margin-right-small:0px;--awb-margin-bottom-small:10px;--awb-margin-left-small:0px;\"><h1 class=\"fusion-title-heading title-heading-left\" style=\"margin:0;\"><p style=\"text-align: center;\">Dokumenty programowe<\/p><\/h1><\/div><\/div><\/div><\/div><\/div><div class=\"fusion-fullwidth fullwidth-box fusion-builder-row-2 fusion-flex-container has-pattern-background has-mask-background nonhundred-percent-fullwidth non-hundred-percent-height-scrolling\" style=\"--awb-border-radius-top-left:0px;--awb-border-radius-top-right:0px;--awb-border-radius-bottom-right:0px;--awb-border-radius-bottom-left:0px;--awb-flex-wrap:wrap;\" ><div class=\"fusion-builder-row fusion-row fusion-flex-align-items-flex-start fusion-flex-content-wrap\" style=\"max-width:1586px;margin-left: calc(-4% \/ 2 );margin-right: calc(-4% \/ 2 );\"><div class=\"fusion-layout-column fusion_builder_column fusion-builder-column-1 fusion_builder_column_1_1 1_1 fusion-flex-column\" style=\"--awb-bg-size:cover;--awb-width-large:100%;--awb-margin-top-large:0px;--awb-spacing-right-large:1.92%;--awb-margin-bottom-large:20px;--awb-spacing-left-large:1.92%;--awb-width-medium:100%;--awb-order-medium:0;--awb-spacing-right-medium:1.92%;--awb-spacing-left-medium:1.92%;--awb-width-small:100%;--awb-order-small:0;--awb-spacing-right-small:1.92%;--awb-spacing-left-small:1.92%;\"><div class=\"fusion-column-wrapper fusion-column-has-shadow fusion-flex-justify-content-flex-start fusion-content-layout-column\"><div class=\"fusion-text fusion-text-1\"><h2 class=\"title-heading-center\" style=\"text-align: center;\">Program Wsp\u00f3\u0142pracy Interreg VI A Meklemburgia-Pomorze Przednie \/ Brandenburgia \/ Polska 2021-2027<\/h2>\n<\/div><div class=\"fusion-text fusion-text-2\"><div class=\"fusion-text fusion-text-1\">\n<p>W okresie finansowania 2021-2027 Europejska Wsp\u00f3\u0142praca Terytorialna pozostaje jednym z g\u0142\u00f3wnych cel\u00f3w europejskiej polityki sp\u00f3jno\u015bci. Przez mark\u0119 \u201eInterreg\u201d Wsp\u00f3\u0142praca znalaz\u0142a swoje uznanie w przepisach UE. Programy Interreg wnosz\u0105 istotny wk\u0142ad w sp\u00f3jno\u015b\u0107 gospodarcz\u0105, spo\u0142eczn\u0105 i terytorialn\u0105 poszczeg\u00f3lnych pa\u0144stw i region\u00f3w w Europie.<\/p>\n<p>Program wsp\u00f3\u0142pracy Interreg VI A <span id=\"result_box\" class=\"short_text\" lang=\"pl\"><span class=\"hps\">Meklemburgia-Pomorze Przednie \/ Brandenburgia<\/span><\/span> \/ Polska 2021-2027 powsta\u0142 w ramach celu Unii Europejskiej dotycz\u0105cego wsp\u00f3\u0142pracy terytorialnej.<\/p>\n<p>Wsp\u00f3\u0142finansowanie wydatk\u00f3w w ramach realizacji Programu zapewniaj\u0105 \u015brodki finansowez Europejskiego Funduszu Rozwoju Regionalnego (EFRR). Dla projekt\u00f3w dost\u0119pna jest \u0142\u0105czna kwota <strong>116,4 mln<\/strong> euro EFRR.<\/p>\n<p>W celu realizacji cel\u00f3w strategicznych Programu utworzono 4 priorytety tematyczne, obejmuj\u0105ce \u0142\u0105cznie 7 cel\u00f3w szczeg\u00f3\u0142owych (CS):<\/p>\n<\/div>\n<\/div><div class='w3eden'>\n<!-- WPDM Link Template: Default Template -->\n\n<div class=\"link-template-default card mb-2\">\n    <div class=\"card-body\">\n        <div class=\"media\">\n            <div class=\"media-pic-icon\">\n                <a class='wpdm-download-link download-on-click btn btn-primary ' rel='nofollow' href='#' data-downloadurl=\"https:\/\/www.interreg6a.net\/pl\/download\/ostateczna-wersja-programu-wspolpracy-interreg-vi-a-mv-bb-pl-14-09-2022\/?wpdmdl=6494&refresh=69fc20654005f1778131045\">Pobierz<\/a>\n            <\/div>\n            <div class=\"media-body\">\n                <h3 class=\"package-title\">Program Wsp\u00f3\u0142pracy Interreg VI A MV\/BB\/PL (V 1.2) zatwierdzony przez Komisj\u0119 UE w dniu 21.09.2022 r.<\/h3>\n                <div class=\"text-muted text-small\">\n                    <span class=\"wpdm_file_ext\">pdf<\/span> | <span class=\"wpdm_file_size\">1.38 MB<\/span> | <span class=\"wpdm_update_date\">9. pa\u017adziernika 2022<\/span> <!-- 15. grudnia 2022 -->\n                <\/div>\n            <\/div>\n\n        <\/div>\n    <\/div>\n<\/div>\n\n<\/div><div class=\"fusion-text fusion-text-3\" style=\"--awb-margin-top:60px;\"><h2 style=\"text-align: center;\">Pomoc publiczna<\/h2>\n<\/div><div class=\"fusion-text fusion-text-4\"><p>Poni\u017cej znajd\u0105 Pa\u0144stwo opis zasad dotycz\u0105cych pomocy publicznej w ramach Programu Wsp\u00f3\u0142pracy.<\/p>\n<\/div><div class='w3eden'>\n<!-- WPDM Link Template: Default Template -->\n\n<div class=\"link-template-default card mb-2\">\n    <div class=\"card-body\">\n        <div class=\"media\">\n            <div class=\"media-pic-icon\">\n                <a class='wpdm-download-link download-on-click btn btn-primary ' rel='nofollow' href='#' data-downloadurl=\"https:\/\/www.interreg6a.net\/pl\/download\/zasady-dotyczace-pomocy-publicznej-mv-bb-pl-2021-2027\/?wpdmdl=9614&refresh=69fc206546d761778131045\">Pobierz<\/a>\n            <\/div>\n            <div class=\"media-body\">\n                <h3 class=\"package-title\">Zasady dotycz\u0105ce pomocy publicznej Interreg MV\/BB\/PL 2021-2027<\/h3>\n                <div class=\"text-muted text-small\">\n                    <span class=\"wpdm_file_ext\">pdf<\/span> | <span class=\"wpdm_file_size\">258.84 KB<\/span> | <span class=\"wpdm_update_date\">25. maja 2023<\/span> <!-- 28. wrze\u015bnia 2023 -->\n                <\/div>\n            <\/div>\n\n        <\/div>\n    <\/div>\n<\/div>\n\n<\/div><\/div><\/div><\/div><\/div><\/p>\n","protected":false},"excerpt":{"rendered":"","protected":false},"author":25,"featured_media":0,"parent":0,"menu_order":0,"comment_status":"closed","ping_status":"closed","template":"100-width.php","meta":{"_price":"","_stock":"","_tribe_ticket_header":"","_tribe_default_ticket_provider":"","_tribe_ticket_capacity":"0","_ticket_start_date":"","_ticket_end_date":"","_tribe_ticket_show_description":"","_tribe_ticket_show_not_going":false,"_tribe_ticket_use_global_stock":"","_tribe_ticket_global_stock_level":"","_global_stock_mode":"","_global_stock_cap":"","_tribe_rsvp_for_event":"","_tribe_ticket_going_count":"","_tribe_ticket_not_going_count":"","_tribe_tickets_list":"[]","_tribe_ticket_has_attendee_info_fields":false,"footnotes":"","_tec_slr_enabled":"","_tec_slr_layout":""},"class_list":["post-9222","page","type-page","status-publish","hentry"],"yoast_head":"<!-- This site is optimized with the Yoast SEO plugin v27.3 - https:\/\/yoast.com\/product\/yoast-seo-wordpress\/ -->\n<title>Dokumenty programowe - Interreg VI A MV\/BB\/PL<\/title>\n<meta name=\"robots\" content=\"index, follow, max-snippet:-1, max-image-preview:large, max-video-preview:-1\" \/>\n<link rel=\"canonical\" href=\"https:\/\/www.interreg6a.net\/pl\/dokumenty-programowe\/\" \/>\n<meta property=\"og:locale\" content=\"pl_PL\" \/>\n<meta property=\"og:type\" content=\"article\" \/>\n<meta property=\"og:title\" content=\"Dokumenty programowe - Interreg VI A MV\/BB\/PL\" \/>\n<meta property=\"og:url\" content=\"https:\/\/www.interreg6a.net\/pl\/dokumenty-programowe\/\" \/>\n<meta property=\"og:site_name\" content=\"Interreg VI A MV\/BB\/PL\" \/>\n<meta property=\"article:modified_time\" content=\"2023-05-25T07:02:34+00:00\" \/>\n<meta name=\"twitter:card\" content=\"summary_large_image\" \/>\n<meta name=\"twitter:label1\" content=\"Szacowany czas czytania\" \/>\n\t<meta name=\"twitter:data1\" content=\"5 minut\" \/>\n<script type=\"application\/ld+json\" class=\"yoast-schema-graph\">{\"@context\":\"https:\\\/\\\/schema.org\",\"@graph\":[{\"@type\":\"WebPage\",\"@id\":\"https:\\\/\\\/www.interreg6a.net\\\/pl\\\/dokumenty-programowe\\\/\",\"url\":\"https:\\\/\\\/www.interreg6a.net\\\/pl\\\/dokumenty-programowe\\\/\",\"name\":\"Dokumenty programowe - Interreg VI A MV\\\/BB\\\/PL\",\"isPartOf\":{\"@id\":\"https:\\\/\\\/www.interreg6a.net\\\/pl\\\/#website\"},\"datePublished\":\"2023-04-20T13:11:33+00:00\",\"dateModified\":\"2023-05-25T07:02:34+00:00\",\"breadcrumb\":{\"@id\":\"https:\\\/\\\/www.interreg6a.net\\\/pl\\\/dokumenty-programowe\\\/#breadcrumb\"},\"inLanguage\":\"pl-PL\",\"potentialAction\":[{\"@type\":\"ReadAction\",\"target\":[\"https:\\\/\\\/www.interreg6a.net\\\/pl\\\/dokumenty-programowe\\\/\"]}]},{\"@type\":\"BreadcrumbList\",\"@id\":\"https:\\\/\\\/www.interreg6a.net\\\/pl\\\/dokumenty-programowe\\\/#breadcrumb\",\"itemListElement\":[{\"@type\":\"ListItem\",\"position\":1,\"name\":\"Strona g\u0142\u00f3wna\",\"item\":\"https:\\\/\\\/www.interreg6a.net\\\/pl\\\/\"},{\"@type\":\"ListItem\",\"position\":2,\"name\":\"Dokumenty programowe\"}]},{\"@type\":\"WebSite\",\"@id\":\"https:\\\/\\\/www.interreg6a.net\\\/pl\\\/#website\",\"url\":\"https:\\\/\\\/www.interreg6a.net\\\/pl\\\/\",\"name\":\"Interreg VI A MV\\\/BB\\\/PL\",\"description\":\"\",\"potentialAction\":[{\"@type\":\"SearchAction\",\"target\":{\"@type\":\"EntryPoint\",\"urlTemplate\":\"https:\\\/\\\/www.interreg6a.net\\\/pl\\\/?s={search_term_string}\"},\"query-input\":{\"@type\":\"PropertyValueSpecification\",\"valueRequired\":true,\"valueName\":\"search_term_string\"}}],\"inLanguage\":\"pl-PL\"}]}<\/script>\n<!-- \/ Yoast SEO plugin. -->","yoast_head_json":{"title":"Dokumenty programowe - Interreg VI A MV\/BB\/PL","robots":{"index":"index","follow":"follow","max-snippet":"max-snippet:-1","max-image-preview":"max-image-preview:large","max-video-preview":"max-video-preview:-1"},"canonical":"https:\/\/www.interreg6a.net\/pl\/dokumenty-programowe\/","og_locale":"pl_PL","og_type":"article","og_title":"Dokumenty programowe - Interreg VI A MV\/BB\/PL","og_url":"https:\/\/www.interreg6a.net\/pl\/dokumenty-programowe\/","og_site_name":"Interreg VI A MV\/BB\/PL","article_modified_time":"2023-05-25T07:02:34+00:00","twitter_card":"summary_large_image","twitter_misc":{"Szacowany czas czytania":"5 minut"},"schema":{"@context":"https:\/\/schema.org","@graph":[{"@type":"WebPage","@id":"https:\/\/www.interreg6a.net\/pl\/dokumenty-programowe\/","url":"https:\/\/www.interreg6a.net\/pl\/dokumenty-programowe\/","name":"Dokumenty programowe - Interreg VI A MV\/BB\/PL","isPartOf":{"@id":"https:\/\/www.interreg6a.net\/pl\/#website"},"datePublished":"2023-04-20T13:11:33+00:00","dateModified":"2023-05-25T07:02:34+00:00","breadcrumb":{"@id":"https:\/\/www.interreg6a.net\/pl\/dokumenty-programowe\/#breadcrumb"},"inLanguage":"pl-PL","potentialAction":[{"@type":"ReadAction","target":["https:\/\/www.interreg6a.net\/pl\/dokumenty-programowe\/"]}]},{"@type":"BreadcrumbList","@id":"https:\/\/www.interreg6a.net\/pl\/dokumenty-programowe\/#breadcrumb","itemListElement":[{"@type":"ListItem","position":1,"name":"Strona g\u0142\u00f3wna","item":"https:\/\/www.interreg6a.net\/pl\/"},{"@type":"ListItem","position":2,"name":"Dokumenty programowe"}]},{"@type":"WebSite","@id":"https:\/\/www.interreg6a.net\/pl\/#website","url":"https:\/\/www.interreg6a.net\/pl\/","name":"Interreg VI A MV\/BB\/PL","description":"","potentialAction":[{"@type":"SearchAction","target":{"@type":"EntryPoint","urlTemplate":"https:\/\/www.interreg6a.net\/pl\/?s={search_term_string}"},"query-input":{"@type":"PropertyValueSpecification","valueRequired":true,"valueName":"search_term_string"}}],"inLanguage":"pl-PL"}]}},"ticketed":false,"_links":{"self":[{"href":"https:\/\/www.interreg6a.net\/pl\/wp-json\/wp\/v2\/pages\/9222","targetHints":{"allow":["GET"]}}],"collection":[{"href":"https:\/\/www.interreg6a.net\/pl\/wp-json\/wp\/v2\/pages"}],"about":[{"href":"https:\/\/www.interreg6a.net\/pl\/wp-json\/wp\/v2\/types\/page"}],"author":[{"embeddable":true,"href":"https:\/\/www.interreg6a.net\/pl\/wp-json\/wp\/v2\/users\/25"}],"replies":[{"embeddable":true,"href":"https:\/\/www.interreg6a.net\/pl\/wp-json\/wp\/v2\/comments?post=9222"}],"version-history":[{"count":16,"href":"https:\/\/www.interreg6a.net\/pl\/wp-json\/wp\/v2\/pages\/9222\/revisions"}],"predecessor-version":[{"id":9620,"href":"https:\/\/www.interreg6a.net\/pl\/wp-json\/wp\/v2\/pages\/9222\/revisions\/9620"}],"wp:attachment":[{"href":"https:\/\/www.interreg6a.net\/pl\/wp-json\/wp\/v2\/media?parent=9222"}],"curies":[{"name":"wp","href":"https:\/\/api.w.org\/{rel}","templated":true}]}}