{"id":9354,"date":"2023-05-05T08:35:23","date_gmt":"2023-05-05T06:35:23","guid":{"rendered":"https:\/\/www.interreg6a.net\/?page_id=9354"},"modified":"2026-03-24T11:20:33","modified_gmt":"2026-03-24T10:20:33","slug":"kontraktacja-projektu","status":"publish","type":"page","link":"https:\/\/www.interreg6a.net\/pl\/kontraktacja-projektu\/","title":{"rendered":"Kontraktacja projektu"},"content":{"rendered":"<p><div class=\"fusion-fullwidth fullwidth-box fusion-builder-row-1 fusion-flex-container has-pattern-background has-mask-background nonhundred-percent-fullwidth non-hundred-percent-height-scrolling\" style=\"--awb-border-radius-top-left:0px;--awb-border-radius-top-right:0px;--awb-border-radius-bottom-right:0px;--awb-border-radius-bottom-left:0px;--awb-flex-wrap:wrap;\" ><div class=\"fusion-builder-row fusion-row fusion-flex-align-items-flex-start fusion-flex-content-wrap\" style=\"max-width:1586px;margin-left: calc(-4% \/ 2 );margin-right: calc(-4% \/ 2 );\"><div class=\"fusion-layout-column fusion_builder_column fusion-builder-column-0 fusion_builder_column_1_1 1_1 fusion-flex-column\" style=\"--awb-bg-size:cover;--awb-width-large:100%;--awb-margin-top-large:0px;--awb-spacing-right-large:1.92%;--awb-margin-bottom-large:20px;--awb-spacing-left-large:1.92%;--awb-width-medium:100%;--awb-order-medium:0;--awb-spacing-right-medium:1.92%;--awb-spacing-left-medium:1.92%;--awb-width-small:100%;--awb-order-small:0;--awb-spacing-right-small:1.92%;--awb-spacing-left-small:1.92%;\"><div class=\"fusion-column-wrapper fusion-column-has-shadow fusion-flex-justify-content-flex-start fusion-content-layout-column\"><div class=\"fusion-title title fusion-title-1 fusion-sep-none fusion-title-text fusion-title-size-one\" style=\"--awb-margin-top-small:10px;--awb-margin-right-small:0px;--awb-margin-bottom-small:10px;--awb-margin-left-small:0px;\"><h1 class=\"fusion-title-heading title-heading-left\" style=\"margin:0;\">Kontraktacja projektu<\/h1><\/div><div class=\"fusion-text fusion-text-1\"><p>Po wyborze projektu partner wiod\u0105cy otrzymuje od Wsp\u00f3lnego Sekretariatu <strong>pismo (wraz z dokumentem wyja\u015bniaj\u0105cym) <\/strong>zawieraj\u0105ce wszystkie istotne informacje dotycz\u0105ce decyzji Komitetu Monitoruj\u0105cego. Mo\u017ce ono zawiera\u0107 r\u00f3wnie\u017c warunki do zawarcia umowy oraz warunki, kt\u00f3re musz\u0105 zosta\u0107 spe\u0142nione w toku realizacji projektu.<\/p>\n<\/div><div class=\"fusion-text fusion-text-2\"><h5><b>Dokument wyja\u015bniaj\u0105cy<\/b><\/h5>\n<p>Zebrana korespondencja pomi\u0119dzy partnerem wiod\u0105cym WS \/ IZ dotycz\u0105ca:<\/p>\n<ul>\n<li>warunk\u00f3w,<\/li>\n<li>korekt technicznych oraz<\/li>\n<li>za\u0142\u0105cznik\u00f3w do podpisania umowy<\/li>\n<\/ul>\n<\/div><div class=\"fusion-text fusion-text-3\"><h5><b>Efekty<\/b><\/h5>\n<ul>\n<li>wi\u0119cej przejrzysto\u015bci na temat aktualnego stanu opracowania projektu<\/li>\n<li>mniej czasoch\u0142onnych pyta\u0144 zwrotnych<\/li>\n<li>lepsza dokumentacja<\/li>\n<li><b>szybsze<\/b> <b>podpisanie um\u00f3w!<\/b><\/li>\n<li><strong>Oczekiwanie: w przysz\u0142o\u015bci mniej aneks\u00f3w do um\u00f3w!<\/strong><\/li>\n<\/ul>\n<\/div><div class=\"fusion-text fusion-text-4 fusion-text-no-margin\" style=\"--awb-margin-bottom:40px;\"><h5><strong>Wskaz\u00f3wka<\/strong><\/h5>\n<p>W ramach fazy wyja\u015bniania (przygotowanie do zatwierdzenia) istnieje ostateczna mo\u017cliwo\u015b\u0107 dostosowania daty rozpocz\u0119cia projektu, tj. o ile wymagane, partner wiod\u0105cy mo\u017ce w porozumieniu z partnerami projektu, przesun\u0105\u0107 <strong>dat\u0119 rozpocz\u0119cia projektu<\/strong> w uzasadnionych przypadkach, zw\u0142aszcza je\u015bli mo\u017cna przewidzie\u0107, \u017ce <strong>wszyscy<\/strong> partnerzy projektu nie przeprowadz\u0105 \u017cadnych dzia\u0142a\u0144 ani nie ponios\u0105 \u017cadnych wydatk\u00f3w w pierwszym okresie sprawozdawczym innym ni\u017c zaplanowano w pierwotnym wniosku (wersja 1). W tym celu w dokumencie wyja\u015bniaj\u0105cym znajduje si\u0119 osobny punkt, kt\u00f3ry partner wiod\u0105cy musi potwierdzi\u0107.<\/p>\n<\/div><div class=\"fusion-text fusion-text-5\"><h2 style=\"text-align: center;\">Umowa o dofinansowanie<\/h2>\n<\/div><div class=\"fusion-text fusion-text-6\"><h5><b>Cel i zadanie<\/b><\/h5>\n<ul>\n<li>przyznanie dofinansowania ze \u015brodk\u00f3w EFRR na finansowanie realizacji projektu<\/li>\n<li>uregulowanie praw i obowi\u0105zk\u00f3w partner\u00f3w umowy przy realizacji projektu<\/li>\n<li>partnerzy umowy: Partner Wiod\u0105cy i Instytucja Zarz\u0105dzaj\u0105ca<\/li>\n<\/ul>\n<\/div><div class='w3eden'>\n<!-- WPDM Link Template: Default Template -->\n\n<div class=\"link-template-default card mb-2\">\n    <div class=\"card-body\">\n        <div class=\"media\">\n            <div class=\"media-pic-icon\">\n                <a class='wpdm-download-link download-on-click btn btn-primary ' rel='nofollow' href='#' data-downloadurl=\"https:\/\/www.interreg6a.net\/pl\/download\/umowa-o-dofinansowanie-wzor\/?wpdmdl=18768&refresh=69fc34eb9b9501778136299\">Pobierz<\/a>\n            <\/div>\n            <div class=\"media-body\">\n                <h3 class=\"package-title\">Umowa o dofinansowanie - wz\u00f3r<\/h3>\n                <div class=\"text-muted text-small\">\n                    <span class=\"wpdm_file_ext\">pdf<\/span> | <span class=\"wpdm_file_size\">624.14 KB<\/span> | <span class=\"wpdm_update_date\">22. lipca 2025<\/span> <!-- 22. lipca 2025 -->\n                <\/div>\n            <\/div>\n\n        <\/div>\n    <\/div>\n<\/div>\n\n<\/div><div class=\"fusion-text fusion-text-7\" style=\"--awb-margin-top:60px;\"><h2 style=\"text-align: center;\">Za\u0142\u0105czniki do kontraktacji<\/h2>\n<\/div><div class=\"fusion-text fusion-text-8\"><div class=\"fusion-text fusion-text-5\">\n<p>Lista wymaganych za\u0142\u0105cznik\u00f3w znajduje si\u0119 w rozdziale 8.2.2 <a href=\"https:\/\/www.interreg6a.net\/pl\/podrecznik-programu\/\">Podr\u0119cznika Programu<\/a>.<\/p>\n<\/div>\n<\/div><div class='w3eden'>\n<!-- WPDM Link Template: Default Template -->\n\n<div class=\"link-template-default card mb-2\">\n    <div class=\"card-body\">\n        <div class=\"media\">\n            <div class=\"media-pic-icon\">\n                <a class='wpdm-download-link download-on-click btn btn-primary ' rel='nofollow' href='#' data-downloadurl=\"https:\/\/www.interreg6a.net\/pl\/download\/lista-zalacznikow-faza-2-2\/?wpdmdl=11109&refresh=69fc34ebb312c1778136299\">Pobierz<\/a>\n            <\/div>\n            <div class=\"media-body\">\n                <h3 class=\"package-title\">Lista za\u0142\u0105cznik\u00f3w - faza 2<\/h3>\n                <div class=\"text-muted text-small\">\n                    <span class=\"wpdm_file_ext\">pdf<\/span> | <span class=\"wpdm_file_size\">706.92 KB<\/span> | <span class=\"wpdm_update_date\">24. marca 2026<\/span> <!-- 24. marca 2026 -->\n                <\/div>\n            <\/div>\n\n        <\/div>\n    <\/div>\n<\/div>\n\n<\/div><div class=\"fusion-text fusion-text-9\" style=\"--awb-margin-top:50px;\"><div class=\"fusion-text fusion-text-5\">\n<p>Wzory wybranych za\u0142\u0105cznik\u00f3w <strong>(Faza 2)<\/strong>:<\/p>\n<\/div>\n<\/div><div class='w3eden'>\n<!-- WPDM Link Template: Default Template -->\n\n<div class=\"link-template-default card mb-2\">\n    <div class=\"card-body\">\n        <div class=\"media\">\n            <div class=\"media-pic-icon\">\n                <a class='wpdm-download-link download-on-click btn btn-primary ' rel='nofollow' href='#' data-downloadurl=\"https:\/\/www.interreg6a.net\/pl\/download\/zalacznik-nr-1-oswiadczenie-o-osobach-uprawnionych-do-korzystania-z-jems\/?wpdmdl=13210&refresh=69fc34ebba2b31778136299\">Pobierz<\/a>\n            <\/div>\n            <div class=\"media-body\">\n                <h3 class=\"package-title\">Za\u0142\u0105cznik nr 1 - O\u015bwiadczenie o osobach uprawnionych do korzystania z Jems<\/h3>\n                <div class=\"text-muted text-small\">\n                    <span class=\"wpdm_file_ext\">DOCX<\/span> | <span class=\"wpdm_file_size\">55.91 KB<\/span> | <span class=\"wpdm_update_date\">28. czerwca 2024<\/span> <!-- 28. czerwca 2024 -->\n                <\/div>\n            <\/div>\n\n        <\/div>\n    <\/div>\n<\/div>\n\n<\/div><div class='w3eden'>\n<!-- WPDM Link Template: Default Template -->\n\n<div class=\"link-template-default card mb-2\">\n    <div class=\"card-body\">\n        <div class=\"media\">\n            <div class=\"media-pic-icon\">\n                <a class='wpdm-download-link download-on-click btn btn-primary ' rel='nofollow' href='#' data-downloadurl=\"https:\/\/www.interreg6a.net\/pl\/download\/zalacznik-nr-5-wniosek-o-zaliczke-w-wysokosci-15-zatwierdzonego-budzetu-projektu-efrr\/?wpdmdl=23575&refresh=69fc34ebc1ee51778136299\">Pobierz<\/a>\n            <\/div>\n            <div class=\"media-body\">\n                <h3 class=\"package-title\">Za\u0142\u0105cznik nr 5 - Wniosek o zaliczk\u0119 w wysoko\u015bci 15% zatwierdzonego bud\u017cetu projektu (EFRR)<\/h3>\n                <div class=\"text-muted text-small\">\n                    <span class=\"wpdm_file_ext\">docx<\/span> | <span class=\"wpdm_file_size\">44.83 KB<\/span> | <span class=\"wpdm_update_date\">24. marca 2026<\/span> <!-- 24. marca 2026 -->\n                <\/div>\n            <\/div>\n\n        <\/div>\n    <\/div>\n<\/div>\n\n<\/div><div class='w3eden'>\n<!-- WPDM Link Template: Default Template -->\n\n<div class=\"link-template-default card mb-2\">\n    <div class=\"card-body\">\n        <div class=\"media\">\n            <div class=\"media-pic-icon\">\n                <a class='wpdm-download-link download-on-click btn btn-primary ' rel='nofollow' href='#' data-downloadurl=\"https:\/\/www.interreg6a.net\/pl\/download\/zalacznik-nr-8-dowod-przeprowadzenia-oceny-wplywu-inwestycji-infrastrukturalnej-na-klimat\/?wpdmdl=9550&refresh=69fc34ebc88711778136299\">Pobierz<\/a>\n            <\/div>\n            <div class=\"media-body\">\n                <h3 class=\"package-title\">Za\u0142\u0105cznik nr 9 - Dow\u00f3d przeprowadzenia oceny wp\u0142ywu inwestycji infrastrukturalnej na klimat<\/h3>\n                <div class=\"text-muted text-small\">\n                    <span class=\"wpdm_file_ext\">DOCX<\/span> | <span class=\"wpdm_file_size\">41.42 KB<\/span> | <span class=\"wpdm_update_date\">11. maja 2023<\/span> <!-- 24. marca 2026 -->\n                <\/div>\n            <\/div>\n\n        <\/div>\n    <\/div>\n<\/div>\n\n<\/div><\/div><\/div><\/div><\/div><div class=\"fusion-fullwidth fullwidth-box fusion-builder-row-2 fusion-flex-container has-pattern-background has-mask-background nonhundred-percent-fullwidth non-hundred-percent-height-scrolling\" style=\"--awb-border-radius-top-left:0px;--awb-border-radius-top-right:0px;--awb-border-radius-bottom-right:0px;--awb-border-radius-bottom-left:0px;--awb-background-color:var(--awb-color1);--awb-flex-wrap:wrap;\" ><div class=\"fusion-builder-row fusion-row fusion-flex-align-items-flex-start fusion-flex-content-wrap\" style=\"max-width:1586px;margin-left: calc(-4% \/ 2 );margin-right: calc(-4% \/ 2 );\"><div class=\"fusion-layout-column fusion_builder_column fusion-builder-column-1 fusion_builder_column_1_3 1_3 fusion-flex-column fusion-flex-align-self-stretch\" style=\"--awb-bg-size:cover;--awb-width-large:33.333333333333%;--awb-margin-top-large:0px;--awb-spacing-right-large:5.76%;--awb-margin-bottom-large:20px;--awb-spacing-left-large:5.76%;--awb-width-medium:33.333333333333%;--awb-order-medium:0;--awb-spacing-right-medium:5.76%;--awb-spacing-left-medium:5.76%;--awb-width-small:100%;--awb-order-small:0;--awb-spacing-right-small:1.92%;--awb-spacing-left-small:1.92%;\"><div class=\"fusion-column-wrapper fusion-column-has-shadow fusion-flex-justify-content-center fusion-content-layout-column\"><div class=\"fusion-image-element \" style=\"--awb-caption-title-font-family:var(--h2_typography-font-family);--awb-caption-title-font-weight:var(--h2_typography-font-weight);--awb-caption-title-font-style:var(--h2_typography-font-style);--awb-caption-title-size:var(--h2_typography-font-size);--awb-caption-title-transform:var(--h2_typography-text-transform);--awb-caption-title-line-height:var(--h2_typography-line-height);--awb-caption-title-letter-spacing:var(--h2_typography-letter-spacing);\"><span class=\" fusion-imageframe imageframe-none imageframe-1 hover-type-none\"><img decoding=\"async\" width=\"400\" height=\"182\" src=\"https:\/\/www.interreg6a.net\/wp-content\/uploads\/2022\/11\/Jems_Logo-400x182.jpg\" alt class=\"img-responsive wp-image-6566\" srcset=\"https:\/\/www.interreg6a.net\/wp-content\/uploads\/2022\/11\/Jems_Logo-200x91.jpg 200w, https:\/\/www.interreg6a.net\/wp-content\/uploads\/2022\/11\/Jems_Logo-400x182.jpg 400w, https:\/\/www.interreg6a.net\/wp-content\/uploads\/2022\/11\/Jems_Logo.jpg 600w\" sizes=\"(max-width: 575px) 100vw, 400px\" \/><\/span><\/div><\/div><\/div><div class=\"fusion-layout-column fusion_builder_column fusion-builder-column-2 fusion_builder_column_2_3 2_3 fusion-flex-column fusion-flex-align-self-stretch\" style=\"--awb-bg-size:cover;--awb-width-large:66.666666666667%;--awb-margin-top-large:0px;--awb-spacing-right-large:2.88%;--awb-margin-bottom-large:20px;--awb-spacing-left-large:2.88%;--awb-width-medium:66.666666666667%;--awb-order-medium:0;--awb-spacing-right-medium:2.88%;--awb-spacing-left-medium:2.88%;--awb-width-small:100%;--awb-order-small:0;--awb-spacing-right-small:1.92%;--awb-spacing-left-small:1.92%;\"><div class=\"fusion-column-wrapper fusion-column-has-shadow fusion-flex-justify-content-flex-start fusion-content-layout-column\"><div class=\"fusion-title title fusion-title-2 fusion-sep-none fusion-title-text fusion-title-size-two\" style=\"--awb-margin-top:3%;--awb-margin-bottom:-1px;--awb-margin-top-small:10px;--awb-margin-right-small:0px;--awb-margin-bottom-small:10px;--awb-margin-left-small:0px;\"><h2 class=\"fusion-title-heading title-heading-left\" style=\"margin:0;\">Jems | Instrukcja Online<\/h2><\/div><div class=\"md-text-align-right sm-text-align-right\" style=\"text-align:left;\"><a class=\"fusion-button button-flat button-large button-custom fusion-button-default button-1 fusion-button-default-span fusion-button-default-type fusion-has-button-gradient button\" style=\"--button_accent_color:var(--awb-color1);--button_accent_hover_color:var(--awb-color1);--button_border_hover_color:var(--awb-color1);--button_gradient_angle:69deg;--button_gradient_top_color:var(--awb-color2);--button_gradient_bottom_color:var(--awb-custom_color_7);--button_gradient_top_color_hover:hsla(var(--awb-custom_color_4-h),calc(var(--awb-custom_color_4-s) - 5%),calc(var(--awb-custom_color_4-l) - 10%),var(--awb-custom_color_4-a));--button_gradient_bottom_color_hover:hsla(var(--awb-color2-h),calc(var(--awb-color2-s) - 5%),calc(var(--awb-color2-l) - 10%),var(--awb-color2-a));\" target=\"_self\" href=\"https:\/\/www.interreg6a.net\/pl\/jems\/jems-kontraktacja\/\"><span class=\"fusion-button-text awb-button__text awb-button__text--default\">Jems | Kontraktacja projektu<\/span><i class=\"icon-link-pfeil awb-button__icon awb-button__icon--default button-icon-right\" aria-hidden=\"true\"><\/i><\/a><\/div><\/div><\/div><\/div><\/div><\/p>\n","protected":false},"excerpt":{"rendered":"","protected":false},"author":25,"featured_media":0,"parent":0,"menu_order":0,"comment_status":"closed","ping_status":"closed","template":"100-width.php","meta":{"_price":"","_stock":"","_tribe_ticket_header":"","_tribe_default_ticket_provider":"","_tribe_ticket_capacity":"0","_ticket_start_date":"","_ticket_end_date":"","_tribe_ticket_show_description":"","_tribe_ticket_show_not_going":false,"_tribe_ticket_use_global_stock":"","_tribe_ticket_global_stock_level":"","_global_stock_mode":"","_global_stock_cap":"","_tribe_rsvp_for_event":"","_tribe_ticket_going_count":"","_tribe_ticket_not_going_count":"","_tribe_tickets_list":"[]","_tribe_ticket_has_attendee_info_fields":false,"footnotes":"","_tec_slr_enabled":"","_tec_slr_layout":""},"class_list":["post-9354","page","type-page","status-publish","hentry"],"yoast_head":"<!-- This site is optimized with the Yoast SEO plugin v27.3 - https:\/\/yoast.com\/product\/yoast-seo-wordpress\/ -->\n<title>Kontraktacja projektu - Interreg VI A MV\/BB\/PL<\/title>\n<meta name=\"robots\" content=\"index, follow, max-snippet:-1, max-image-preview:large, max-video-preview:-1\" \/>\n<link rel=\"canonical\" href=\"https:\/\/www.interreg6a.net\/pl\/kontraktacja-projektu\/\" \/>\n<meta property=\"og:locale\" content=\"pl_PL\" \/>\n<meta property=\"og:type\" content=\"article\" \/>\n<meta property=\"og:title\" content=\"Kontraktacja projektu - Interreg VI A MV\/BB\/PL\" \/>\n<meta property=\"og:url\" content=\"https:\/\/www.interreg6a.net\/pl\/kontraktacja-projektu\/\" \/>\n<meta property=\"og:site_name\" content=\"Interreg VI A MV\/BB\/PL\" \/>\n<meta property=\"article:modified_time\" content=\"2026-03-24T10:20:33+00:00\" \/>\n<meta name=\"twitter:card\" content=\"summary_large_image\" \/>\n<meta name=\"twitter:label1\" content=\"Szacowany czas czytania\" \/>\n\t<meta name=\"twitter:data1\" content=\"2 minuty\" \/>\n<script type=\"application\/ld+json\" class=\"yoast-schema-graph\">{\"@context\":\"https:\\\/\\\/schema.org\",\"@graph\":[{\"@type\":\"WebPage\",\"@id\":\"https:\\\/\\\/www.interreg6a.net\\\/pl\\\/kontraktacja-projektu\\\/\",\"url\":\"https:\\\/\\\/www.interreg6a.net\\\/pl\\\/kontraktacja-projektu\\\/\",\"name\":\"Kontraktacja projektu - Interreg VI A MV\\\/BB\\\/PL\",\"isPartOf\":{\"@id\":\"https:\\\/\\\/www.interreg6a.net\\\/pl\\\/#website\"},\"datePublished\":\"2023-05-05T06:35:23+00:00\",\"dateModified\":\"2026-03-24T10:20:33+00:00\",\"breadcrumb\":{\"@id\":\"https:\\\/\\\/www.interreg6a.net\\\/pl\\\/kontraktacja-projektu\\\/#breadcrumb\"},\"inLanguage\":\"pl-PL\",\"potentialAction\":[{\"@type\":\"ReadAction\",\"target\":[\"https:\\\/\\\/www.interreg6a.net\\\/pl\\\/kontraktacja-projektu\\\/\"]}]},{\"@type\":\"BreadcrumbList\",\"@id\":\"https:\\\/\\\/www.interreg6a.net\\\/pl\\\/kontraktacja-projektu\\\/#breadcrumb\",\"itemListElement\":[{\"@type\":\"ListItem\",\"position\":1,\"name\":\"Strona g\u0142\u00f3wna\",\"item\":\"https:\\\/\\\/www.interreg6a.net\\\/pl\\\/\"},{\"@type\":\"ListItem\",\"position\":2,\"name\":\"Kontraktacja projektu\"}]},{\"@type\":\"WebSite\",\"@id\":\"https:\\\/\\\/www.interreg6a.net\\\/pl\\\/#website\",\"url\":\"https:\\\/\\\/www.interreg6a.net\\\/pl\\\/\",\"name\":\"Interreg VI A MV\\\/BB\\\/PL\",\"description\":\"\",\"potentialAction\":[{\"@type\":\"SearchAction\",\"target\":{\"@type\":\"EntryPoint\",\"urlTemplate\":\"https:\\\/\\\/www.interreg6a.net\\\/pl\\\/?s={search_term_string}\"},\"query-input\":{\"@type\":\"PropertyValueSpecification\",\"valueRequired\":true,\"valueName\":\"search_term_string\"}}],\"inLanguage\":\"pl-PL\"}]}<\/script>\n<!-- \/ Yoast SEO plugin. -->","yoast_head_json":{"title":"Kontraktacja projektu - Interreg VI A MV\/BB\/PL","robots":{"index":"index","follow":"follow","max-snippet":"max-snippet:-1","max-image-preview":"max-image-preview:large","max-video-preview":"max-video-preview:-1"},"canonical":"https:\/\/www.interreg6a.net\/pl\/kontraktacja-projektu\/","og_locale":"pl_PL","og_type":"article","og_title":"Kontraktacja projektu - Interreg VI A MV\/BB\/PL","og_url":"https:\/\/www.interreg6a.net\/pl\/kontraktacja-projektu\/","og_site_name":"Interreg VI A MV\/BB\/PL","article_modified_time":"2026-03-24T10:20:33+00:00","twitter_card":"summary_large_image","twitter_misc":{"Szacowany czas czytania":"2 minuty"},"schema":{"@context":"https:\/\/schema.org","@graph":[{"@type":"WebPage","@id":"https:\/\/www.interreg6a.net\/pl\/kontraktacja-projektu\/","url":"https:\/\/www.interreg6a.net\/pl\/kontraktacja-projektu\/","name":"Kontraktacja projektu - Interreg VI A MV\/BB\/PL","isPartOf":{"@id":"https:\/\/www.interreg6a.net\/pl\/#website"},"datePublished":"2023-05-05T06:35:23+00:00","dateModified":"2026-03-24T10:20:33+00:00","breadcrumb":{"@id":"https:\/\/www.interreg6a.net\/pl\/kontraktacja-projektu\/#breadcrumb"},"inLanguage":"pl-PL","potentialAction":[{"@type":"ReadAction","target":["https:\/\/www.interreg6a.net\/pl\/kontraktacja-projektu\/"]}]},{"@type":"BreadcrumbList","@id":"https:\/\/www.interreg6a.net\/pl\/kontraktacja-projektu\/#breadcrumb","itemListElement":[{"@type":"ListItem","position":1,"name":"Strona g\u0142\u00f3wna","item":"https:\/\/www.interreg6a.net\/pl\/"},{"@type":"ListItem","position":2,"name":"Kontraktacja projektu"}]},{"@type":"WebSite","@id":"https:\/\/www.interreg6a.net\/pl\/#website","url":"https:\/\/www.interreg6a.net\/pl\/","name":"Interreg VI A MV\/BB\/PL","description":"","potentialAction":[{"@type":"SearchAction","target":{"@type":"EntryPoint","urlTemplate":"https:\/\/www.interreg6a.net\/pl\/?s={search_term_string}"},"query-input":{"@type":"PropertyValueSpecification","valueRequired":true,"valueName":"search_term_string"}}],"inLanguage":"pl-PL"}]}},"ticketed":false,"_links":{"self":[{"href":"https:\/\/www.interreg6a.net\/pl\/wp-json\/wp\/v2\/pages\/9354","targetHints":{"allow":["GET"]}}],"collection":[{"href":"https:\/\/www.interreg6a.net\/pl\/wp-json\/wp\/v2\/pages"}],"about":[{"href":"https:\/\/www.interreg6a.net\/pl\/wp-json\/wp\/v2\/types\/page"}],"author":[{"embeddable":true,"href":"https:\/\/www.interreg6a.net\/pl\/wp-json\/wp\/v2\/users\/25"}],"replies":[{"embeddable":true,"href":"https:\/\/www.interreg6a.net\/pl\/wp-json\/wp\/v2\/comments?post=9354"}],"version-history":[{"count":68,"href":"https:\/\/www.interreg6a.net\/pl\/wp-json\/wp\/v2\/pages\/9354\/revisions"}],"predecessor-version":[{"id":23578,"href":"https:\/\/www.interreg6a.net\/pl\/wp-json\/wp\/v2\/pages\/9354\/revisions\/23578"}],"wp:attachment":[{"href":"https:\/\/www.interreg6a.net\/pl\/wp-json\/wp\/v2\/media?parent=9354"}],"curies":[{"name":"wp","href":"https:\/\/api.w.org\/{rel}","templated":true}]}}